{"id":1448,"date":"2020-03-18T17:34:51","date_gmt":"2020-03-18T15:34:51","guid":{"rendered":"https:\/\/staging.plush74.com\/about-copy\/"},"modified":"2026-03-21T01:23:08","modified_gmt":"2026-03-20T23:23:08","slug":"imprint","status":"publish","type":"page","link":"https:\/\/staging.plush74.com\/it\/imprint\/","title":{"rendered":"Impronta"},"content":{"rendered":"<div data-elementor-type=\"wp-page\" data-elementor-id=\"1448\" class=\"elementor elementor-1448\" data-elementor-post-type=\"page\">\n\t\t\t\t\t\t<section class=\"elementor-section elementor-top-section elementor-element elementor-element-7402980 elementor-section-full_width elementor-section-stretched elementor-section-height-default elementor-section-height-default\" data-id=\"7402980\" data-element_type=\"section\" data-settings=\"{&quot;stretch_section&quot;:&quot;section-stretched&quot;}\">\n\t\t\t\t\t\t<div class=\"elementor-container elementor-column-gap-extended\">\n\t\t\t\t\t<div class=\"elementor-column elementor-col-50 elementor-top-column elementor-element elementor-element-d776ad6 swel_borderside_line\" data-id=\"d776ad6\" data-element_type=\"column\" data-settings=\"{&quot;background_background&quot;:&quot;classic&quot;}\">\n\t\t\t<div class=\"elementor-widget-wrap elementor-element-populated\">\n\t\t\t\t\r\n\t\t<div class=\"elementor-element elementor-element-f74757e elementor-widget elementor-widget-heading\" data-id=\"f74757e\" data-element_type=\"widget\" data-widget_type=\"heading.default\">\n\t\t\t\t<div class=\"elementor-widget-container\">\n\t\t\t<h2 class=\"elementor-heading-title elementor-size-default\">IMPRONTA<\/h2>\t\t<\/div>\n\t\t\t\t<\/div>\n\t\t\t\t<div class=\"elementor-element elementor-element-741df13 elementor-widget elementor-widget-text-editor\" data-id=\"741df13\" data-element_type=\"widget\" data-widget_type=\"text-editor.default\">\n\t\t\t\t<div class=\"elementor-widget-container\">\n\t\t\t\t\t\t\t<p>PLUSH74 SVIZZERA AG<\/p><p>Z\u00e4hringerplatz 11, CH-8001 Zurigo<\/p>\t\t\t\t\t\t<\/div>\n\t\t\t\t<\/div>\n\t\t\t\t<div class=\"elementor-element elementor-element-74fe63e elementor-widget elementor-widget-text-editor\" data-id=\"74fe63e\" data-element_type=\"widget\" data-widget_type=\"text-editor.default\">\n\t\t\t\t<div class=\"elementor-widget-container\">\n\t\t\t\t\t\t\t<p>YEAH@staging.plush74.com\u00a0<\/p>\t\t\t\t\t\t<\/div>\n\t\t\t\t<\/div>\n\t\t\t\t\t<\/div>\n\t\t<\/div>\n\t\t\t\t<div class=\"elementor-column elementor-col-50 elementor-top-column elementor-element elementor-element-6bc2499\" data-id=\"6bc2499\" data-element_type=\"column\">\n\t\t\t<div class=\"elementor-widget-wrap elementor-element-populated\">\n\t\t\t\t\t\t<div class=\"elementor-element elementor-element-2a2083d elementor-widget elementor-widget-text-editor\" data-id=\"2a2083d\" data-element_type=\"widget\" data-widget_type=\"text-editor.default\">\n\t\t\t\t<div class=\"elementor-widget-container\">\n\t\t\t\t\t\t\t<p>Angaben gem\u00e4\u00df \u00a7 5 TMG<\/p>\n<p>PLUSH74 SVIZZERA AG<\/p>\n<p>Z\u00e4hringerplatz 11, CH-8001 Zurigo<\/p>\n<p><\/p>\n<p>Vertreten durch:<br>Robin Sebastian Hoefler<\/p>\n<p>Kontakt<br>E-Mail: yeah@staging.plush74.com<\/p>\n<p>Design di Proxi.me<\/p><p>SEO: <a href=\"https:\/\/wilkileads.com\">wilkileads.com<\/a><br>Verantwortlich f\u00fcr den Inhalt nach \u00a7 55 Abs. 2 RStV<br><\/p>\n<p>Plush74 Germania GmbH<br>Gneisenaustra\u00dfe 58, 10961 Berlino<\/p>\n<p>Amtsgericht: Charlottenburg<\/p>\n<p>Streitschlichtung<br>La Commissione Europea ha presentato una piattaforma per l'Online-Streitbeilegung (OS): https:\/\/ec.europa.eu\/consumers\/odr.<br>Il nostro indirizzo e-mail si trova in alto nell'Impressum.<\/p>\n<p>Non siamo in grado di fornire informazioni o di controllare l'applicazione di Streitbeilegungsverfahren presso una stazione di controllo.<\/p>\n<p>Sovvenzione per gli acquisti<br>Als Diensteanbieter sind wir gem\u00e4\u00df \u00a7 7 Abs.1 TMG f\u00fcr eigene Inhalte auf diesen Seiten nach den allgemeinen Gesetzen verantwortlich. Ai sensi dei \u00a7\u00a7 8 bis 10 TMG non siamo obbligati, in qualit\u00e0 di Diensteanbieter, a fornire informazioni gratuite a persone che non hanno accesso a tali informazioni o che non hanno accesso ad altre informazioni, che non sono state inserite nel quadro di un'attivit\u00e0 di controllo.<\/p>\n<p>Le Verpflichtungen zur Entfernung oder Sperrung der Nutzung von Informationen nach den allgemeinen Gesetzen bleiben hiervon unber\u00fchrt. La possibilit\u00e0 di ottenere una deroga \u00e8 possibile solo a partire dal momento in cui si verifica una violazione di una norma di diritto comune. In presenza di Rechtsverletzungen diverse, noi ci occupiamo di queste informazioni in modo pi\u00f9 approfondito.<\/p>\n<p>Haftung per i link<br>Il nostro Angebot contiene link a siti web esterni, sui quali non abbiamo alcun influsso. Pertanto, per questi contenuti gratuiti, non abbiamo diritto a ricevere alcun rimborso. Per le Inalazioni dei siti collegati al link \u00e8 necessario che l'autore o il gestore dei siti sia competente. I siti collegati al link sono stati sostituiti da una serie di informazioni di carattere generale. Gli articoli di carattere giuridico non sono stati cancellati al momento del collegamento.<\/p>\n<p>Un controllo permanente e inalterato dei siti visitati non \u00e8 possibile se non in presenza di anomalie concrete di una Rechtsverletzung. In caso di segnalazioni di Rechtsverletzungen, offriamo link diversi.<\/p>\n<p>Urheberrecht<br>Die durch die Seitenbetreiber erstellten Inhalte und Werke auf diesen Seiten unterliegen dem deutschen Urheberrecht. Die Vervielf\u00e4ltigung, Bearbeitung, Verbreitung und jede Art der Verwertung au\u00dferhalb der Grenzen des Urheberrechtes bed\u00fcrfen der schriftlichen Zustimmung des jeweiligen Autors bzw. Erstellers. I download e i download di questo sito sono gestiti solo per uso privato e non commerciale.<\/p>\n<p>Se gli Inhalte auf dieser Seite nicht vom Betreiber wurden, werden die Urheberrechte Dritter beachtet. In particolare, gli Inhalte Dritter sono stati classificati come solitari. Se si vuole evitare un'anomalia nella gestione degli Urheberrechtsverletzung, si consiglia di fornire un suggerimento specifico. In presenza di Rechtsverletzungen, vi preghiamo di fornire le informazioni pi\u00f9 importanti.<\/p>\t\t\t\t\t\t<\/div>\n\t\t\t\t<\/div>\n\t\t\t\t\t<\/div>\n\t\t<\/div>\n\t\t\t\t\t<\/div>\n\t\t<\/section>\n\t\t\t\t<\/div>","protected":false},"excerpt":{"rendered":"<p>IMPRINT PLUSH74 SWITZERLAND AG Z\u00e4hringerplatz 11, CH-8001 Zurich YEAH@staging.plush74.com\u00a0 Angaben gem\u00e4\u00df \u00a7 5 TMG PLUSH74 SWITZERLAND AG Z\u00e4hringerplatz 11, CH-8001 Zurich Vertreten durch:Robin Sebastian Hoefler KontaktE-Mail: yeah@staging.plush74.com Design by Proxi.me SEO: wilkileads.comVerantwortlich f\u00fcr den Inhalt nach \u00a7 55 Abs. 2 RStV Plush74 Germany GmbHGneisenaustra\u00dfe 58, 10961 Berlin Amtsgericht: Charlottenburg StreitschlichtungDie Europ\u00e4ische Kommission stellt eine Plattform [&hellip;]<\/p>","protected":false},"author":1,"featured_media":0,"parent":0,"menu_order":0,"comment_status":"closed","ping_status":"closed","template":"templates\/template-canvas-elementor.php","meta":{"_acf_changed":false,"footnotes":""},"class_list":["post-1448","page","type-page","status-publish","hentry"],"acf":[],"yoast_head":"<!-- This site is optimized with the Yoast SEO plugin v25.3 - https:\/\/yoast.com\/wordpress\/plugins\/seo\/ -->\n<title>Imprint - Plush74<\/title>\n<meta name=\"robots\" content=\"index, follow, max-snippet:-1, max-image-preview:large, max-video-preview:-1\" \/>\n<link rel=\"canonical\" href=\"https:\/\/staging.plush74.com\/it\/imprint\/\" \/>\n<meta property=\"og:locale\" content=\"it_IT\" \/>\n<meta property=\"og:type\" content=\"article\" \/>\n<meta property=\"og:title\" content=\"Imprint - Plush74\" \/>\n<meta property=\"og:description\" content=\"IMPRINT PLUSH74 SWITZERLAND AG Z\u00e4hringerplatz 11, CH-8001 Zurich YEAH@staging.plush74.com\u00a0 Angaben gem\u00e4\u00df \u00a7 5 TMG PLUSH74 SWITZERLAND AG Z\u00e4hringerplatz 11, CH-8001 Zurich Vertreten durch:Robin Sebastian Hoefler KontaktE-Mail: yeah@staging.plush74.com Design by Proxi.me SEO: wilkileads.comVerantwortlich f\u00fcr den Inhalt nach \u00a7 55 Abs. 2 RStV Plush74 Germany GmbHGneisenaustra\u00dfe 58, 10961 Berlin Amtsgericht: Charlottenburg StreitschlichtungDie Europ\u00e4ische Kommission stellt eine Plattform [&hellip;]\" \/>\n<meta property=\"og:url\" content=\"https:\/\/staging.plush74.com\/it\/imprint\/\" \/>\n<meta property=\"og:site_name\" content=\"Plush74\" \/>\n<meta property=\"article:modified_time\" content=\"2026-03-20T23:23:08+00:00\" \/>\n<meta name=\"twitter:card\" content=\"summary_large_image\" \/>\n<meta name=\"twitter:label1\" content=\"Tempo di lettura stimato\" \/>\n\t<meta name=\"twitter:data1\" content=\"2 minuti\" \/>\n<script type=\"application\/ld+json\" class=\"yoast-schema-graph\">{\"@context\":\"https:\/\/schema.org\",\"@graph\":[{\"@type\":\"WebPage\",\"@id\":\"https:\/\/staging.plush74.com\/imprint\/\",\"url\":\"https:\/\/staging.plush74.com\/imprint\/\",\"name\":\"Imprint - Plush74\",\"isPartOf\":{\"@id\":\"https:\/\/staging.plush74.com\/#website\"},\"datePublished\":\"2020-03-18T15:34:51+00:00\",\"dateModified\":\"2026-03-20T23:23:08+00:00\",\"breadcrumb\":{\"@id\":\"https:\/\/staging.plush74.com\/imprint\/#breadcrumb\"},\"inLanguage\":\"it-IT\",\"potentialAction\":[{\"@type\":\"ReadAction\",\"target\":[\"https:\/\/staging.plush74.com\/imprint\/\"]}]},{\"@type\":\"BreadcrumbList\",\"@id\":\"https:\/\/staging.plush74.com\/imprint\/#breadcrumb\",\"itemListElement\":[{\"@type\":\"ListItem\",\"position\":1,\"name\":\"Home\",\"item\":\"https:\/\/staging.plush74.com\/\"},{\"@type\":\"ListItem\",\"position\":2,\"name\":\"Imprint\"}]},{\"@type\":\"WebSite\",\"@id\":\"https:\/\/staging.plush74.com\/#website\",\"url\":\"https:\/\/staging.plush74.com\/\",\"name\":\"Plush74\",\"description\":\"Locations with Character\",\"potentialAction\":[{\"@type\":\"SearchAction\",\"target\":{\"@type\":\"EntryPoint\",\"urlTemplate\":\"https:\/\/staging.plush74.com\/?s={search_term_string}\"},\"query-input\":{\"@type\":\"PropertyValueSpecification\",\"valueRequired\":true,\"valueName\":\"search_term_string\"}}],\"inLanguage\":\"it-IT\"}]}<\/script>\n<!-- \/ Yoast SEO plugin. -->","yoast_head_json":{"title":"Imprint - Plush74","robots":{"index":"index","follow":"follow","max-snippet":"max-snippet:-1","max-image-preview":"max-image-preview:large","max-video-preview":"max-video-preview:-1"},"canonical":"https:\/\/staging.plush74.com\/it\/imprint\/","og_locale":"it_IT","og_type":"article","og_title":"Imprint - Plush74","og_description":"IMPRINT PLUSH74 SWITZERLAND AG Z\u00e4hringerplatz 11, CH-8001 Zurich YEAH@staging.plush74.com\u00a0 Angaben gem\u00e4\u00df \u00a7 5 TMG PLUSH74 SWITZERLAND AG Z\u00e4hringerplatz 11, CH-8001 Zurich Vertreten durch:Robin Sebastian Hoefler KontaktE-Mail: yeah@staging.plush74.com Design by Proxi.me SEO: wilkileads.comVerantwortlich f\u00fcr den Inhalt nach \u00a7 55 Abs. 2 RStV Plush74 Germany GmbHGneisenaustra\u00dfe 58, 10961 Berlin Amtsgericht: Charlottenburg StreitschlichtungDie Europ\u00e4ische Kommission stellt eine Plattform [&hellip;]","og_url":"https:\/\/staging.plush74.com\/it\/imprint\/","og_site_name":"Plush74","article_modified_time":"2026-03-20T23:23:08+00:00","twitter_card":"summary_large_image","twitter_misc":{"Tempo di lettura stimato":"2 minuti"},"schema":{"@context":"https:\/\/schema.org","@graph":[{"@type":"WebPage","@id":"https:\/\/staging.plush74.com\/imprint\/","url":"https:\/\/staging.plush74.com\/imprint\/","name":"Imprint - Plush74","isPartOf":{"@id":"https:\/\/staging.plush74.com\/#website"},"datePublished":"2020-03-18T15:34:51+00:00","dateModified":"2026-03-20T23:23:08+00:00","breadcrumb":{"@id":"https:\/\/staging.plush74.com\/imprint\/#breadcrumb"},"inLanguage":"it-IT","potentialAction":[{"@type":"ReadAction","target":["https:\/\/staging.plush74.com\/imprint\/"]}]},{"@type":"BreadcrumbList","@id":"https:\/\/staging.plush74.com\/imprint\/#breadcrumb","itemListElement":[{"@type":"ListItem","position":1,"name":"Home","item":"https:\/\/staging.plush74.com\/"},{"@type":"ListItem","position":2,"name":"Imprint"}]},{"@type":"WebSite","@id":"https:\/\/staging.plush74.com\/#website","url":"https:\/\/staging.plush74.com\/","name":"Plush74","description":"Locations with Character","potentialAction":[{"@type":"SearchAction","target":{"@type":"EntryPoint","urlTemplate":"https:\/\/staging.plush74.com\/?s={search_term_string}"},"query-input":{"@type":"PropertyValueSpecification","valueRequired":true,"valueName":"search_term_string"}}],"inLanguage":"it-IT"}]}},"_links":{"self":[{"href":"https:\/\/staging.plush74.com\/it\/wp-json\/wp\/v2\/pages\/1448"}],"collection":[{"href":"https:\/\/staging.plush74.com\/it\/wp-json\/wp\/v2\/pages"}],"about":[{"href":"https:\/\/staging.plush74.com\/it\/wp-json\/wp\/v2\/types\/page"}],"author":[{"embeddable":true,"href":"https:\/\/staging.plush74.com\/it\/wp-json\/wp\/v2\/users\/1"}],"replies":[{"embeddable":true,"href":"https:\/\/staging.plush74.com\/it\/wp-json\/wp\/v2\/comments?post=1448"}],"version-history":[{"count":72,"href":"https:\/\/staging.plush74.com\/it\/wp-json\/wp\/v2\/pages\/1448\/revisions"}],"predecessor-version":[{"id":17863,"href":"https:\/\/staging.plush74.com\/it\/wp-json\/wp\/v2\/pages\/1448\/revisions\/17863"}],"wp:attachment":[{"href":"https:\/\/staging.plush74.com\/it\/wp-json\/wp\/v2\/media?parent=1448"}],"curies":[{"name":"wp","href":"https:\/\/api.w.org\/{rel}","templated":true}]}}