{"id":1326,"date":"2020-03-06T14:21:31","date_gmt":"2020-03-06T12:21:31","guid":{"rendered":"https:\/\/staging.plush74.com\/?page_id=1326"},"modified":"2026-01-17T02:50:42","modified_gmt":"2026-01-17T00:50:42","slug":"why","status":"publish","type":"page","link":"https:\/\/staging.plush74.com\/it\/why\/","title":{"rendered":"Perch\u00e9"},"content":{"rendered":"<div data-elementor-type=\"wp-page\" data-elementor-id=\"1326\" class=\"elementor elementor-1326\" data-elementor-post-type=\"page\">\n\t\t\t\t<div class=\"elementor-element elementor-element-06f62b9 e-con-full e-flex e-con e-parent\" data-id=\"06f62b9\" data-element_type=\"container\">\n\t\t<div class=\"elementor-element elementor-element-2680a41 e-con-full e-flex e-con e-child\" data-id=\"2680a41\" data-element_type=\"container\">\n\t\t\r\n\t\t<div class=\"elementor-element elementor-element-de57565 elementor-widget__width-initial elementor-widget elementor-widget-text-editor\" data-id=\"de57565\" data-element_type=\"widget\" data-widget_type=\"text-editor.default\">\n\t\t\t\t<div class=\"elementor-widget-container\">\n\t\t\t\t\t\t\t<p>Perch\u00e9 il peluche...?<\/p>\n<p>*<\/p>\n<p>Crediamo che i luoghi permettano agli esseri umani di agire e di agire.<\/p>\n<p><br><\/p>\n<p>Sono pi\u00f9 che semplici luoghi in cui si svolge la vita: sono cornici di riferimento per la cultura, contenitori di contesto per la percezione, palcoscenici del mondo reale in cui le storie si svolgono e prendono forma.<\/p>\n<p><br><\/p>\n<p>Crediamo anche che la bellezza sia negli occhi di chi guarda, e che per lo pi\u00f9 svanisca con il tempo. Quello che ci interessa \u00e8 il carattere, che persiste, si adatta, si sviluppa e si rinnova.<\/p>\n<p><br><\/p>\n<p>Nel costruire il nostro portfolio, cerchiamo di esprimere queste convinzioni. Cerchiamo il bello come l'eccentrico, lo sfarzo ma anche il minimalismo, l'esclusivo come l'umile.<\/p>\n<p><br><\/p>\n<p>Per noi, Plush \u00e8 tutto questo. Plush \u00e8 vero lusso, ma anche semplice eleganza. Il peluche \u00e8 sia un privilegio che una necessit\u00e0. Il peluche \u00e8 uno spazio delimitato, plasmato e toccato in modo creativo, che a sua volta ispira e potenzia la creativit\u00e0 in modi sempre nuovi.<\/p>\n<p><br><\/p>\n<p>Il peluche \u00e8 carattere, plasmato dall'anima.<\/p>\n<p><br><\/p>\n<p>Le nostre sedi e i nostri membri formano una collezione e una comunit\u00e0, fungendo da nodi della rete culturale del nostro tempo. Un centralino internazionale dove la creativit\u00e0 incontra l'immobiliare e dove 2+2 non \u00e8 sempre uguale a quattro, ma a sette, undici o addirittura 74.<\/p>\n<p><br><\/p>\n<p>Amore di peluche,<\/p>\n<p><span style=\"color: rgba(0,0,0,var(--o42jjq,1)); caret-color: #000000; --ys-xuq: none; font-kerning: none;\">&nbsp;<\/span><\/p>\n<p><span style=\"color: rgba(0,0,0,var(--o42jjq,1)); caret-color: #000000; --ys-xuq: none; font-kerning: none;\">Robin<\/span><\/p>\n<p><i>Fondatore e CEO<\/i><\/p>\t\t\t\t\t\t<\/div>\n\t\t\t\t<\/div>\n\t\t\t\t<\/div>\n\t\t<div class=\"elementor-element elementor-element-9dfd27f e-con-full e-flex e-con e-child\" data-id=\"9dfd27f\" data-element_type=\"container\">\n\t\t\t\t<div class=\"elementor-element elementor-element-120144a elementor-widget elementor-widget-image\" data-id=\"120144a\" data-element_type=\"widget\" data-widget_type=\"image.default\">\n\t\t\t\t<div class=\"elementor-widget-container\">\n\t\t\t\t\t\t\t\t\t\t\t\t\t<img fetchpriority=\"high\" decoding=\"async\" width=\"768\" height=\"1024\" src=\"https:\/\/staging.plush74.com\/wp-content\/uploads\/2026\/01\/Hay-barn-768x1024.jpg\" class=\"attachment-large size-large wp-image-17345\" alt=\"\" srcset=\"https:\/\/staging.plush74.com\/wp-content\/uploads\/2026\/01\/Hay-barn-768x1024.jpg 768w, https:\/\/staging.plush74.com\/wp-content\/uploads\/2026\/01\/Hay-barn-225x300.jpg 225w, https:\/\/staging.plush74.com\/wp-content\/uploads\/2026\/01\/Hay-barn-1152x1536.jpg 1152w, https:\/\/staging.plush74.com\/wp-content\/uploads\/2026\/01\/Hay-barn-9x12.jpg 9w, https:\/\/staging.plush74.com\/wp-content\/uploads\/2026\/01\/Hay-barn.jpg 1200w\" sizes=\"(max-width: 768px) 100vw, 768px\" \/>\t\t\t\t\t\t\t\t\t\t\t\t\t<\/div>\n\t\t\t\t<\/div>\n\t\t\t\t<\/div>\n\t\t\t\t<\/div>\n\t\t\t\t<\/div>","protected":false},"excerpt":{"rendered":"<p>Why Plush&#8230;? * We believe that locations enable and empower humans. They are more than just places where life happens \u2013 locations are frames of reference for culture, containers of context for perception, real-world stages for stories to unfold and take shape. We also believe that beauty is in the eye of the beholder \u2013 [&hellip;]<\/p>","protected":false},"author":1,"featured_media":0,"parent":0,"menu_order":0,"comment_status":"closed","ping_status":"closed","template":"templates\/template-canvas-elementor.php","meta":{"_acf_changed":false,"footnotes":""},"class_list":["post-1326","page","type-page","status-publish","hentry"],"acf":[],"yoast_head":"<!-- This site is optimized with the Yoast SEO plugin v25.3 - https:\/\/yoast.com\/wordpress\/plugins\/seo\/ -->\n<title>Why - Plush74<\/title>\n<meta name=\"description\" content=\"Why Plush...?\" \/>\n<meta name=\"robots\" content=\"index, follow, max-snippet:-1, max-image-preview:large, max-video-preview:-1\" \/>\n<link rel=\"canonical\" href=\"https:\/\/staging.plush74.com\/it\/why\/\" \/>\n<meta property=\"og:locale\" content=\"it_IT\" \/>\n<meta property=\"og:type\" content=\"article\" \/>\n<meta property=\"og:title\" content=\"Why - Plush74\" \/>\n<meta property=\"og:description\" content=\"Why Plush...?\" \/>\n<meta property=\"og:url\" content=\"https:\/\/staging.plush74.com\/it\/why\/\" \/>\n<meta property=\"og:site_name\" content=\"Plush74\" \/>\n<meta property=\"article:modified_time\" content=\"2026-01-17T00:50:42+00:00\" \/>\n<meta property=\"og:image\" content=\"https:\/\/staging.plush74.com\/wp-content\/uploads\/2026\/01\/Hay-barn.jpg\" \/>\n\t<meta property=\"og:image:width\" content=\"1200\" \/>\n\t<meta property=\"og:image:height\" content=\"1600\" \/>\n\t<meta property=\"og:image:type\" content=\"image\/jpeg\" \/>\n<meta name=\"twitter:card\" content=\"summary_large_image\" \/>\n<meta name=\"twitter:label1\" content=\"Tempo di lettura stimato\" \/>\n\t<meta name=\"twitter:data1\" content=\"2 minuti\" \/>\n<script type=\"application\/ld+json\" class=\"yoast-schema-graph\">{\"@context\":\"https:\/\/schema.org\",\"@graph\":[{\"@type\":\"WebPage\",\"@id\":\"https:\/\/staging.plush74.com\/why\/\",\"url\":\"https:\/\/staging.plush74.com\/why\/\",\"name\":\"Why - Plush74\",\"isPartOf\":{\"@id\":\"https:\/\/staging.plush74.com\/#website\"},\"primaryImageOfPage\":{\"@id\":\"https:\/\/staging.plush74.com\/why\/#primaryimage\"},\"image\":{\"@id\":\"https:\/\/staging.plush74.com\/why\/#primaryimage\"},\"thumbnailUrl\":\"https:\/\/staging.plush74.com\/wp-content\/uploads\/2026\/01\/Hay-barn-768x1024.jpg\",\"datePublished\":\"2020-03-06T12:21:31+00:00\",\"dateModified\":\"2026-01-17T00:50:42+00:00\",\"description\":\"Why Plush...?\",\"breadcrumb\":{\"@id\":\"https:\/\/staging.plush74.com\/why\/#breadcrumb\"},\"inLanguage\":\"it-IT\",\"potentialAction\":[{\"@type\":\"ReadAction\",\"target\":[\"https:\/\/staging.plush74.com\/why\/\"]}]},{\"@type\":\"ImageObject\",\"inLanguage\":\"it-IT\",\"@id\":\"https:\/\/staging.plush74.com\/why\/#primaryimage\",\"url\":\"https:\/\/staging.plush74.com\/wp-content\/uploads\/2026\/01\/Hay-barn-768x1024.jpg\",\"contentUrl\":\"https:\/\/staging.plush74.com\/wp-content\/uploads\/2026\/01\/Hay-barn-768x1024.jpg\"},{\"@type\":\"BreadcrumbList\",\"@id\":\"https:\/\/staging.plush74.com\/why\/#breadcrumb\",\"itemListElement\":[{\"@type\":\"ListItem\",\"position\":1,\"name\":\"Home\",\"item\":\"https:\/\/staging.plush74.com\/\"},{\"@type\":\"ListItem\",\"position\":2,\"name\":\"Why\"}]},{\"@type\":\"WebSite\",\"@id\":\"https:\/\/staging.plush74.com\/#website\",\"url\":\"https:\/\/staging.plush74.com\/\",\"name\":\"Plush74\",\"description\":\"Locations with Character\",\"potentialAction\":[{\"@type\":\"SearchAction\",\"target\":{\"@type\":\"EntryPoint\",\"urlTemplate\":\"https:\/\/staging.plush74.com\/?s={search_term_string}\"},\"query-input\":{\"@type\":\"PropertyValueSpecification\",\"valueRequired\":true,\"valueName\":\"search_term_string\"}}],\"inLanguage\":\"it-IT\"}]}<\/script>\n<!-- \/ Yoast SEO plugin. -->","yoast_head_json":{"title":"Why - Plush74","description":"Why Plush...?","robots":{"index":"index","follow":"follow","max-snippet":"max-snippet:-1","max-image-preview":"max-image-preview:large","max-video-preview":"max-video-preview:-1"},"canonical":"https:\/\/staging.plush74.com\/it\/why\/","og_locale":"it_IT","og_type":"article","og_title":"Why - Plush74","og_description":"Why Plush...?","og_url":"https:\/\/staging.plush74.com\/it\/why\/","og_site_name":"Plush74","article_modified_time":"2026-01-17T00:50:42+00:00","og_image":[{"width":1200,"height":1600,"url":"https:\/\/staging.plush74.com\/wp-content\/uploads\/2026\/01\/Hay-barn.jpg","type":"image\/jpeg"}],"twitter_card":"summary_large_image","twitter_misc":{"Tempo di lettura stimato":"2 minuti"},"schema":{"@context":"https:\/\/schema.org","@graph":[{"@type":"WebPage","@id":"https:\/\/staging.plush74.com\/why\/","url":"https:\/\/staging.plush74.com\/why\/","name":"Why - Plush74","isPartOf":{"@id":"https:\/\/staging.plush74.com\/#website"},"primaryImageOfPage":{"@id":"https:\/\/staging.plush74.com\/why\/#primaryimage"},"image":{"@id":"https:\/\/staging.plush74.com\/why\/#primaryimage"},"thumbnailUrl":"https:\/\/staging.plush74.com\/wp-content\/uploads\/2026\/01\/Hay-barn-768x1024.jpg","datePublished":"2020-03-06T12:21:31+00:00","dateModified":"2026-01-17T00:50:42+00:00","description":"Why Plush...?","breadcrumb":{"@id":"https:\/\/staging.plush74.com\/why\/#breadcrumb"},"inLanguage":"it-IT","potentialAction":[{"@type":"ReadAction","target":["https:\/\/staging.plush74.com\/why\/"]}]},{"@type":"ImageObject","inLanguage":"it-IT","@id":"https:\/\/staging.plush74.com\/why\/#primaryimage","url":"https:\/\/staging.plush74.com\/wp-content\/uploads\/2026\/01\/Hay-barn-768x1024.jpg","contentUrl":"https:\/\/staging.plush74.com\/wp-content\/uploads\/2026\/01\/Hay-barn-768x1024.jpg"},{"@type":"BreadcrumbList","@id":"https:\/\/staging.plush74.com\/why\/#breadcrumb","itemListElement":[{"@type":"ListItem","position":1,"name":"Home","item":"https:\/\/staging.plush74.com\/"},{"@type":"ListItem","position":2,"name":"Why"}]},{"@type":"WebSite","@id":"https:\/\/staging.plush74.com\/#website","url":"https:\/\/staging.plush74.com\/","name":"Plush74","description":"Locations with Character","potentialAction":[{"@type":"SearchAction","target":{"@type":"EntryPoint","urlTemplate":"https:\/\/staging.plush74.com\/?s={search_term_string}"},"query-input":{"@type":"PropertyValueSpecification","valueRequired":true,"valueName":"search_term_string"}}],"inLanguage":"it-IT"}]}},"_links":{"self":[{"href":"https:\/\/staging.plush74.com\/it\/wp-json\/wp\/v2\/pages\/1326"}],"collection":[{"href":"https:\/\/staging.plush74.com\/it\/wp-json\/wp\/v2\/pages"}],"about":[{"href":"https:\/\/staging.plush74.com\/it\/wp-json\/wp\/v2\/types\/page"}],"author":[{"embeddable":true,"href":"https:\/\/staging.plush74.com\/it\/wp-json\/wp\/v2\/users\/1"}],"replies":[{"embeddable":true,"href":"https:\/\/staging.plush74.com\/it\/wp-json\/wp\/v2\/comments?post=1326"}],"version-history":[{"count":109,"href":"https:\/\/staging.plush74.com\/it\/wp-json\/wp\/v2\/pages\/1326\/revisions"}],"predecessor-version":[{"id":17433,"href":"https:\/\/staging.plush74.com\/it\/wp-json\/wp\/v2\/pages\/1326\/revisions\/17433"}],"wp:attachment":[{"href":"https:\/\/staging.plush74.com\/it\/wp-json\/wp\/v2\/media?parent=1326"}],"curies":[{"name":"wp","href":"https:\/\/api.w.org\/{rel}","templated":true}]}}