{"id":9067,"date":"2023-05-12T14:24:39","date_gmt":"2023-05-12T12:24:39","guid":{"rendered":"https:\/\/staging.plush74.com\/?page_id=9067"},"modified":"2026-02-17T23:53:37","modified_gmt":"2026-02-17T21:53:37","slug":"fee-structure","status":"publish","type":"page","link":"https:\/\/staging.plush74.com\/es\/fee-structure\/","title":{"rendered":"Estructura de las tasas"},"content":{"rendered":"<div data-elementor-type=\"wp-page\" data-elementor-id=\"9067\" class=\"elementor elementor-9067\" data-elementor-post-type=\"page\">\n\t\t\t\t\t\t<section class=\"elementor-section elementor-top-section elementor-element elementor-element-07eb0b5 elementor-section-full_width elementor-section-height-default elementor-section-height-default\" data-id=\"07eb0b5\" data-element_type=\"section\">\n\t\t\t\t\t\t<div class=\"elementor-container elementor-column-gap-extended\">\n\t\t\t\t\t<div class=\"elementor-column elementor-col-50 elementor-top-column elementor-element elementor-element-4fafd3c swel_right_line\" data-id=\"4fafd3c\" data-element_type=\"column\" data-settings=\"{&quot;background_background&quot;:&quot;classic&quot;}\">\n\t\t\t<div class=\"elementor-widget-wrap elementor-element-populated\">\n\t\t\t\t\r\n\t\t<div class=\"elementor-element elementor-element-d6c3d53 elementor-widget elementor-widget-heading\" data-id=\"d6c3d53\" data-element_type=\"widget\" data-widget_type=\"heading.default\">\n\t\t\t\t<div class=\"elementor-widget-container\">\n\t\t\t<h2 class=\"elementor-heading-title elementor-size-default\">Estructura de las tasas<\/h2>\t\t<\/div>\n\t\t\t\t<\/div>\n\t\t\t\t\t<\/div>\n\t\t<\/div>\n\t\t\t\t<div class=\"elementor-column elementor-col-50 elementor-top-column elementor-element elementor-element-af9e046\" data-id=\"af9e046\" data-element_type=\"column\">\n\t\t\t<div class=\"elementor-widget-wrap elementor-element-populated\">\n\t\t\t\t\t\t<div class=\"elementor-element elementor-element-a8a9bfa elementor-widget elementor-widget-text-editor\" data-id=\"a8a9bfa\" data-element_type=\"widget\" data-widget_type=\"text-editor.default\">\n\t\t\t\t<div class=\"elementor-widget-container\">\n\t\t\t\t\t\t\t<p><span class=\"s1\"><b>ESTRUCTURA DE HONORARIOS DE PLUSH74<\/b><\/span><\/p>\t\t\t\t\t\t<\/div>\n\t\t\t\t<\/div>\n\t\t\t\t<div class=\"elementor-element elementor-element-0ccd0c1 elementor-widget elementor-widget-text-editor\" data-id=\"0ccd0c1\" data-element_type=\"widget\" data-widget_type=\"text-editor.default\">\n\t\t\t\t<div class=\"elementor-widget-container\">\n\t\t\t\t\t\t\t<h3>1. Honorarios de los clientes<\/h3>\n<div>&nbsp;<\/div>\n<p>Cuando un Cliente reserva una localizaci\u00f3n a trav\u00e9s de PLUSH74, generalmente no se cobran tarifas adicionales al alquiler de la localizaci\u00f3n. Esta pol\u00edtica se aplica a todas las reservas realizadas a trav\u00e9s del Chat de Peluche o para la mayor\u00eda de las solicitudes de eventos, a menos que se especifique lo contrario.<\/p>\n<p><\/p>\n<p>Si un Cliente reserva un local despu\u00e9s de contratar el servicio de b\u00fasqueda de PLUSH74, podr\u00e1 aplicarse una Tarifa de Cliente del veinte por ciento (20%) sobre el alquiler para compensar el servicio a medida. Esta tarifa cubre los servicios, el apoyo y la asistencia prestados por PLUSH74 para garantizar una experiencia de reserva fluida y satisfactoria.<\/p>\n<p><\/p>\n<p>Adem\u00e1s, las horas extraordinarias se cobran siempre a prorrata. Las horas extraordinarias se calculan dividiendo la tarifa de localizaci\u00f3n por una duraci\u00f3n de reserva est\u00e1ndar de diez (10) horas al d\u00eda y aplicando esa tarifa a las horas excedentes, junto con una tarifa plana del veinte por ciento (20%) de la Tarifa de Cliente.<\/p>\n<p><\/p>\n<p><span style=\"color: inherit; font-family: inherit; font-size: 18px;\">2. Cuotas de los miembros<\/span><\/p>\n<div>&nbsp;<\/div>\n<p>propietarios de Location (denominados <strong>miembros<\/strong>) son responsables de pagar un <strong>Cuota de socio<\/strong> a PLUSH74 por cada reserva realizada con \u00e9xito a trav\u00e9s de la plataforma. La direcci\u00f3n <strong>La cuota de socio oscila entre 10 y 30%<\/strong> del total de la reserva, excluyendo imprevistos, impuestos aplicables o cargos adicionales. Esta tarifa compensa a PLUSH74 por el funcionamiento y mantenimiento de la plataforma online, la facilitaci\u00f3n de las transacciones, la conexi\u00f3n de los miembros con clientes potenciales, el marketing online (SEO, boletines informativos, plataformas espec\u00edficas del sector, redes sociales, etc.) y la prestaci\u00f3n de asistencia continua.<\/p>\n<p>Para <strong>reservas o solicitudes de lugares para eventos<\/strong>la cuota est\u00e1ndar de los diputados se fija en 10%<strong>Sin embargo, sigue estando sujeto al \u00e1mbito de aplicaci\u00f3n del acontecimiento. Se aplican excepciones.<\/strong><\/p>\n<p><strong>&nbsp;<\/strong><\/p>\n<h3>3. Aplicabilidad y excepciones<\/h3>\n<div>&nbsp;<\/div>\n<p>Esta estructura de tarifas se aplica a las reservas realizadas a trav\u00e9s de PLUSH74. Sin embargo, en algunos casos, PLUSH74, los miembros y los clientes pueden negociar excepciones o acuerdos de tarifas personalizados. Cualquier cambio en la estructura de tarifas est\u00e1ndar se comunicar\u00e1 y acordar\u00e1 antes de confirmar una reserva.<\/p>\n<p><\/p>\n<h3>4. Pago de tasas y deducciones<\/h3>\n<div>&nbsp;<\/div>\n<p>PLUSH74 factura directamente al cliente el alquiler de la localizaci\u00f3n y la Tarifa de Cliente aplicable. El proceso funciona de la siguiente manera:<\/p>\n<ul>\n<li>Una vez confirmada la reserva, PLUSH74 cobrar\u00e1 al cliente el precio del alquiler acordado entre el Miembro y el Cliente (o entre el personal de Plush74 y el cliente) mediante factura, solicitando el prepago \u00edntegro hasta tres d\u00edas antes del inicio de la producci\u00f3n.<\/li>\n<li>PLUSH74 abona la cuota de alquiler del local al socio en la primera<strong>&nbsp;d\u00eda de producci\u00f3n<\/strong> (sujeto a la recepci\u00f3n \u00edntegra del pago por parte del cliente), menos la cuota de afiliaci\u00f3n aplicable.<\/li>\n<li>Los miembros deben presentar una factura v\u00e1lida por la cuota de alquiler para recibir el pago.<\/li>\n<li>En el caso de las solicitudes de eventos, las sedes suelen facturar directamente al cliente. A continuaci\u00f3n, Plush74 facturar\u00e1 a la sede la cuota de socio.<\/li>\n<\/ul>\n<p>En <strong>Cuota de socio y&nbsp;<\/strong><strong style=\"color: var( --e-global-color-text ); font-family: var( --e-global-typography-text-font-family ), Maison Neue;\">Honorarios del cliente (si procede)<\/strong><strong style=\"color: var( --e-global-color-text ); font-family: var( --e-global-typography-text-font-family ), Maison Neue;\">&nbsp;se calculan por separado<\/strong><span style=\"color: var( --e-global-color-text ); font-family: var( --e-global-typography-text-font-family ), Maison Neue; font-weight: var( --e-global-typography-text-font-weight );\">. La cuota de socio se deduce del importe total de la reserva, mientras que la cuota de cliente (si procede) se cobra adem\u00e1s del precio de la reserva.<\/span><\/p>\n<h3><span style=\"color: var( --e-global-color-text ); font-family: var( --e-global-typography-text-font-family ), Maison Neue; font-weight: var( --e-global-typography-text-font-weight );\">5. Listado Location<\/span>&nbsp;Tasa administrativa&nbsp;<\/h3>\n<p><br>Antes de poder publicar un establecimiento en PLUSH74, los miembros aprobados deber\u00e1n abonar una tasa \u00fanica de setenta y cuatro euros (74 EUR), IVA alem\u00e1n 19% incluido. Esta tasa administrativa cubre la configuraci\u00f3n inicial, la verificaci\u00f3n y la optimizaci\u00f3n del anuncio del miembro en la plataforma Plush74. La cuota no es reembolsable y s\u00f3lo se aplica una vez por cuenta de miembro.<\/p>\n<h3>6. Ajustes y devoluciones de tasas<\/h3>\n<div>&nbsp;<\/div>\n<p>Si se modifica, anula o reembolsa una reserva, los ajustes del <strong>Cuota de cliente y cuota de socio<\/strong> puede ser necesario. En los casos en que un cliente cancele dentro del periodo de reembolso admisible, el <strong>Se recalcular\u00e1n los honorarios del cliente<\/strong> en funci\u00f3n del importe de reserva ajustado. Asimismo, si un afiliado modifica o anula una reserva, el <strong>La cuota de socio se ajustar\u00e1 en consecuencia<\/strong>. Los reembolsos o cambios de tasas se tramitar\u00e1n con la debida antelaci\u00f3n.<\/p>\n<p><\/p>\n<h3>7. Modificaciones de la estructura tarifaria<\/h3>\n<div>&nbsp;<\/div>\n<p>PLUSH74 se reserva el derecho de modificar la estructura de tarifas seg\u00fan sea necesario. Cualquier cambio entrar\u00e1 en vigor tras la debida notificaci\u00f3n a los clientes y miembros. Las notificaciones sobre actualizaciones de tarifas se enviar\u00e1n por correo electr\u00f3nico o a trav\u00e9s del sistema de notificaciones de la plataforma. El uso continuado de la plataforma PLUSH74 despu\u00e9s de una actualizaci\u00f3n de tarifas constituye <strong>aceptaci\u00f3n de la estructura revisada de las tasas<\/strong>.<\/p>\n<p><\/p>\n<h3>8. Cumplimiento legal e impuestos<\/h3>\n<div>&nbsp;<\/div>\n<p>Los clientes y afiliados son responsables del cumplimiento de <strong>leyes, reglamentos y obligaciones fiscales aplicables<\/strong> relacionados con pagos y tasas. PLUSH74 no asume responsabilidad alguna por impuestos, tasas u otros grav\u00e1menes que graven la <strong>Cuota de cliente o cuota de socio<\/strong> por cualquier jurisdicci\u00f3n. Los clientes y afiliados deben consultar a sus propios asesores fiscales para obtener orientaci\u00f3n.<\/p>\n<p><\/p>\n<h3>9. Acuerdo sobre la estructura de las tasas<\/h3>\n<div>&nbsp;<\/div>\n<p>Utilizando PLUSH74, <strong>los clientes y los afiliados aprueban la estructura de honorarios<\/strong> como se indica m\u00e1s arriba. Dependiendo del tipo de reserva y del canal, los Clientes aceptan un<strong>&nbsp;Honorarios<\/strong>mientras que los diputados aceptan la retenci\u00f3n de un<strong>&nbsp;Cuota de afiliaci\u00f3n en el momento del pago.<\/strong><\/p>\n<p>La reserva y publicaci\u00f3n de un local en PLUSH74 implica la aceptaci\u00f3n de estas condiciones.<\/p>\n<p><\/p>\n<h3>10. Actualizaciones y notificaciones<\/h3>\n<div>&nbsp;<\/div>\n<p>PLUSH74 podr\u00e1 revisar peri\u00f3dicamente la estructura de comisiones para adaptarla a las necesidades operativas. Los cambios se notificar\u00e1n a los clientes y miembros por correo electr\u00f3nico o a trav\u00e9s de las notificaciones de la plataforma. Es su responsabilidad mantenerse informados sobre la \u00faltima estructura de tarifas. El uso continuado de PLUSH74 despu\u00e9s de una modificaci\u00f3n indica <strong>aceptaci\u00f3n de las tasas actualizadas<\/strong>.<\/p>\n<p><\/p>\n<h3>11. Divisibilidad<\/h3>\n<div>&nbsp;<\/div>\n<p>Si alguna parte de esta estructura de tasas se considera <strong>inv\u00e1lida, ilegal o inaplicable<\/strong>El resto de las disposiciones seguir\u00e1n en vigor. La nulidad de cualquier cl\u00e1usula no afecta a la <strong>validez de otras disposiciones<\/strong>.<\/p>\t\t\t\t\t\t<\/div>\n\t\t\t\t<\/div>\n\t\t\t\t\t<\/div>\n\t\t<\/div>\n\t\t\t\t\t<\/div>\n\t\t<\/section>\n\t\t\t\t<\/div>","protected":false},"excerpt":{"rendered":"<p>Fee structure PLUSH74 FEE STRUCTURE 1. Client Fees &nbsp; When a Client books a location through PLUSH74, no additional fees are generally charged on top of the location rental. This policy applies to all bookings made through the Plush Chat or for most event requests, unless otherwise specified. If a Client books a location after [&hellip;]<\/p>","protected":false},"author":1,"featured_media":0,"parent":0,"menu_order":0,"comment_status":"closed","ping_status":"closed","template":"elementor_header_footer","meta":{"_acf_changed":false,"footnotes":""},"class_list":["post-9067","page","type-page","status-publish","hentry"],"acf":[],"yoast_head":"<!-- This site is optimized with the Yoast SEO plugin v25.3 - https:\/\/yoast.com\/wordpress\/plugins\/seo\/ -->\n<title>Fee Structure - Plush74<\/title>\n<meta name=\"robots\" content=\"index, follow, max-snippet:-1, max-image-preview:large, max-video-preview:-1\" \/>\n<link rel=\"canonical\" href=\"https:\/\/staging.plush74.com\/es\/fee-structure\/\" \/>\n<meta property=\"og:locale\" content=\"es_ES\" \/>\n<meta property=\"og:type\" content=\"article\" \/>\n<meta property=\"og:title\" content=\"Fee Structure - Plush74\" \/>\n<meta property=\"og:description\" content=\"Fee structure PLUSH74 FEE STRUCTURE 1. Client Fees &nbsp; When a Client books a location through PLUSH74, no additional fees are generally charged on top of the location rental. This policy applies to all bookings made through the Plush Chat or for most event requests, unless otherwise specified. If a Client books a location after [&hellip;]\" \/>\n<meta property=\"og:url\" content=\"https:\/\/staging.plush74.com\/es\/fee-structure\/\" \/>\n<meta property=\"og:site_name\" content=\"Plush74\" \/>\n<meta property=\"article:modified_time\" content=\"2026-02-17T21:53:37+00:00\" \/>\n<meta name=\"twitter:card\" content=\"summary_large_image\" \/>\n<meta name=\"twitter:label1\" content=\"Tiempo de lectura\" \/>\n\t<meta name=\"twitter:data1\" content=\"4 minutos\" \/>\n<script type=\"application\/ld+json\" class=\"yoast-schema-graph\">{\"@context\":\"https:\/\/schema.org\",\"@graph\":[{\"@type\":\"WebPage\",\"@id\":\"https:\/\/staging.plush74.com\/fee-structure\/\",\"url\":\"https:\/\/staging.plush74.com\/fee-structure\/\",\"name\":\"Fee Structure - Plush74\",\"isPartOf\":{\"@id\":\"https:\/\/staging.plush74.com\/#website\"},\"datePublished\":\"2023-05-12T12:24:39+00:00\",\"dateModified\":\"2026-02-17T21:53:37+00:00\",\"breadcrumb\":{\"@id\":\"https:\/\/staging.plush74.com\/fee-structure\/#breadcrumb\"},\"inLanguage\":\"es\",\"potentialAction\":[{\"@type\":\"ReadAction\",\"target\":[\"https:\/\/staging.plush74.com\/fee-structure\/\"]}]},{\"@type\":\"BreadcrumbList\",\"@id\":\"https:\/\/staging.plush74.com\/fee-structure\/#breadcrumb\",\"itemListElement\":[{\"@type\":\"ListItem\",\"position\":1,\"name\":\"Home\",\"item\":\"https:\/\/staging.plush74.com\/\"},{\"@type\":\"ListItem\",\"position\":2,\"name\":\"Fee Structure\"}]},{\"@type\":\"WebSite\",\"@id\":\"https:\/\/staging.plush74.com\/#website\",\"url\":\"https:\/\/staging.plush74.com\/\",\"name\":\"Plush74\",\"description\":\"Locations with Character\",\"potentialAction\":[{\"@type\":\"SearchAction\",\"target\":{\"@type\":\"EntryPoint\",\"urlTemplate\":\"https:\/\/staging.plush74.com\/?s={search_term_string}\"},\"query-input\":{\"@type\":\"PropertyValueSpecification\",\"valueRequired\":true,\"valueName\":\"search_term_string\"}}],\"inLanguage\":\"es\"}]}<\/script>\n<!-- \/ Yoast SEO plugin. -->","yoast_head_json":{"title":"Fee Structure - Plush74","robots":{"index":"index","follow":"follow","max-snippet":"max-snippet:-1","max-image-preview":"max-image-preview:large","max-video-preview":"max-video-preview:-1"},"canonical":"https:\/\/staging.plush74.com\/es\/fee-structure\/","og_locale":"es_ES","og_type":"article","og_title":"Fee Structure - Plush74","og_description":"Fee structure PLUSH74 FEE STRUCTURE 1. Client Fees &nbsp; When a Client books a location through PLUSH74, no additional fees are generally charged on top of the location rental. This policy applies to all bookings made through the Plush Chat or for most event requests, unless otherwise specified. If a Client books a location after [&hellip;]","og_url":"https:\/\/staging.plush74.com\/es\/fee-structure\/","og_site_name":"Plush74","article_modified_time":"2026-02-17T21:53:37+00:00","twitter_card":"summary_large_image","twitter_misc":{"Tiempo de lectura":"4 minutos"},"schema":{"@context":"https:\/\/schema.org","@graph":[{"@type":"WebPage","@id":"https:\/\/staging.plush74.com\/fee-structure\/","url":"https:\/\/staging.plush74.com\/fee-structure\/","name":"Fee Structure - Plush74","isPartOf":{"@id":"https:\/\/staging.plush74.com\/#website"},"datePublished":"2023-05-12T12:24:39+00:00","dateModified":"2026-02-17T21:53:37+00:00","breadcrumb":{"@id":"https:\/\/staging.plush74.com\/fee-structure\/#breadcrumb"},"inLanguage":"es","potentialAction":[{"@type":"ReadAction","target":["https:\/\/staging.plush74.com\/fee-structure\/"]}]},{"@type":"BreadcrumbList","@id":"https:\/\/staging.plush74.com\/fee-structure\/#breadcrumb","itemListElement":[{"@type":"ListItem","position":1,"name":"Home","item":"https:\/\/staging.plush74.com\/"},{"@type":"ListItem","position":2,"name":"Fee Structure"}]},{"@type":"WebSite","@id":"https:\/\/staging.plush74.com\/#website","url":"https:\/\/staging.plush74.com\/","name":"Plush74","description":"Locations with Character","potentialAction":[{"@type":"SearchAction","target":{"@type":"EntryPoint","urlTemplate":"https:\/\/staging.plush74.com\/?s={search_term_string}"},"query-input":{"@type":"PropertyValueSpecification","valueRequired":true,"valueName":"search_term_string"}}],"inLanguage":"es"}]}},"_links":{"self":[{"href":"https:\/\/staging.plush74.com\/es\/wp-json\/wp\/v2\/pages\/9067"}],"collection":[{"href":"https:\/\/staging.plush74.com\/es\/wp-json\/wp\/v2\/pages"}],"about":[{"href":"https:\/\/staging.plush74.com\/es\/wp-json\/wp\/v2\/types\/page"}],"author":[{"embeddable":true,"href":"https:\/\/staging.plush74.com\/es\/wp-json\/wp\/v2\/users\/1"}],"replies":[{"embeddable":true,"href":"https:\/\/staging.plush74.com\/es\/wp-json\/wp\/v2\/comments?post=9067"}],"version-history":[{"count":70,"href":"https:\/\/staging.plush74.com\/es\/wp-json\/wp\/v2\/pages\/9067\/revisions"}],"predecessor-version":[{"id":17754,"href":"https:\/\/staging.plush74.com\/es\/wp-json\/wp\/v2\/pages\/9067\/revisions\/17754"}],"wp:attachment":[{"href":"https:\/\/staging.plush74.com\/es\/wp-json\/wp\/v2\/media?parent=9067"}],"curies":[{"name":"wp","href":"https:\/\/api.w.org\/{rel}","templated":true}]}}