{"id":1448,"date":"2020-03-18T17:34:51","date_gmt":"2020-03-18T15:34:51","guid":{"rendered":"https:\/\/staging.plush74.com\/about-copy\/"},"modified":"2026-03-21T01:23:08","modified_gmt":"2026-03-20T23:23:08","slug":"imprint","status":"publish","type":"page","link":"https:\/\/staging.plush74.com\/es\/imprint\/","title":{"rendered":"Pie de imprenta"},"content":{"rendered":"<div data-elementor-type=\"wp-page\" data-elementor-id=\"1448\" class=\"elementor elementor-1448\" data-elementor-post-type=\"page\">\n\t\t\t\t\t\t<section class=\"elementor-section elementor-top-section elementor-element elementor-element-7402980 elementor-section-full_width elementor-section-stretched elementor-section-height-default elementor-section-height-default\" data-id=\"7402980\" data-element_type=\"section\" data-settings=\"{&quot;stretch_section&quot;:&quot;section-stretched&quot;}\">\n\t\t\t\t\t\t<div class=\"elementor-container elementor-column-gap-extended\">\n\t\t\t\t\t<div class=\"elementor-column elementor-col-50 elementor-top-column elementor-element elementor-element-d776ad6 swel_borderside_line\" data-id=\"d776ad6\" data-element_type=\"column\" data-settings=\"{&quot;background_background&quot;:&quot;classic&quot;}\">\n\t\t\t<div class=\"elementor-widget-wrap elementor-element-populated\">\n\t\t\t\t\r\n\t\t<div class=\"elementor-element elementor-element-f74757e elementor-widget elementor-widget-heading\" data-id=\"f74757e\" data-element_type=\"widget\" data-widget_type=\"heading.default\">\n\t\t\t\t<div class=\"elementor-widget-container\">\n\t\t\t<h2 class=\"elementor-heading-title elementor-size-default\">IMPRIMIR<\/h2>\t\t<\/div>\n\t\t\t\t<\/div>\n\t\t\t\t<div class=\"elementor-element elementor-element-741df13 elementor-widget elementor-widget-text-editor\" data-id=\"741df13\" data-element_type=\"widget\" data-widget_type=\"text-editor.default\">\n\t\t\t\t<div class=\"elementor-widget-container\">\n\t\t\t\t\t\t\t<p>PLUSH74 SWITZERLAND AG<\/p><p>Z\u00e4hringerplatz 11, CH-8001 Z\u00farich<\/p>\t\t\t\t\t\t<\/div>\n\t\t\t\t<\/div>\n\t\t\t\t<div class=\"elementor-element elementor-element-74fe63e elementor-widget elementor-widget-text-editor\" data-id=\"74fe63e\" data-element_type=\"widget\" data-widget_type=\"text-editor.default\">\n\t\t\t\t<div class=\"elementor-widget-container\">\n\t\t\t\t\t\t\t<p>YEAH@staging.plush74.com\u00a0<\/p>\t\t\t\t\t\t<\/div>\n\t\t\t\t<\/div>\n\t\t\t\t\t<\/div>\n\t\t<\/div>\n\t\t\t\t<div class=\"elementor-column elementor-col-50 elementor-top-column elementor-element elementor-element-6bc2499\" data-id=\"6bc2499\" data-element_type=\"column\">\n\t\t\t<div class=\"elementor-widget-wrap elementor-element-populated\">\n\t\t\t\t\t\t<div class=\"elementor-element elementor-element-2a2083d elementor-widget elementor-widget-text-editor\" data-id=\"2a2083d\" data-element_type=\"widget\" data-widget_type=\"text-editor.default\">\n\t\t\t\t<div class=\"elementor-widget-container\">\n\t\t\t\t\t\t\t<p>Angaben gem\u00e4\u00df \u00a7 5 TMG<\/p>\n<p>PLUSH74 SWITZERLAND AG<\/p>\n<p>Z\u00e4hringerplatz 11, CH-8001 Z\u00farich<\/p>\n<p><\/p>\n<p>Vertreten durch:<br>Robin Sebastian Hoefler<\/p>\n<p>Kontakt<br>Correo electr\u00f3nico: yeah@staging.plush74.com<\/p>\n<p>Dise\u00f1o de Proxi.me<\/p><p>SEO: <a href=\"https:\/\/wilkileads.com\">wilkileads.com<\/a><br>Verantwortlich f\u00fcr den Inhalt nach \u00a7 55 Abs. 2 RStV<br><\/p>\n<p>Plush74 Alemania GmbH<br>Gneisenaustra\u00dfe 58, 10961 Berl\u00edn<\/p>\n<p>Amtsgericht: Charlottenburg<\/p>\n<p>Streitschlichtung<br>La Comisi\u00f3n Europea ha puesto en marcha una plataforma para el tratamiento de datos en l\u00ednea: https:\/\/ec.europa.eu\/consumers\/odr.<br>Encontrar\u00e1 nuestra direcci\u00f3n de correo electr\u00f3nico en la parte superior de la p\u00e1gina.<\/p>\n<p>Wir sind nicht bereit oder verpflichtet, an Streitbeilegungsverfahren vor einer Verbraucherschlichtungsstelle teilzunehmen.<\/p>\n<p>Ayuda para entradas<br>Como distribuidores, de conformidad con el art\u00edculo 7, apartado 1, de la TMG, estamos autorizados a facilitar informaci\u00f3n personal en estas p\u00e1ginas con arreglo a todas las disposiciones generales. De conformidad con los art\u00edculos 8 a 10 de la TMG, como distribuidores no estamos obligados a divulgar informaci\u00f3n confidencial, ya sea por escrito o a trav\u00e9s de terceros, que pueda afectar a su derecho a la propiedad intelectual.<\/p>\n<p>Las restricciones a la obtenci\u00f3n o al uso de informaci\u00f3n ajena a las normas generales no est\u00e1n reguladas. Sin embargo, s\u00f3lo es posible una indemnizaci\u00f3n de este tipo en el momento en que se conoce una infracci\u00f3n legal grave. En caso de que se produzcan violaciones de derechos anteriores, nos reservamos el derecho de modificar esta informaci\u00f3n.<\/p>\n<p>Haftung f\u00fcr Links<br>Nuestra oferta contiene enlaces a sitios web externos sobre los que no tenemos ninguna influencia. Por lo tanto, no podemos ofrecer ning\u00fan tipo de compensaci\u00f3n por estos contenidos gratuitos. El \u00fanico responsable de las p\u00e1ginas enlazadas es el propietario de las mismas. Las p\u00e1ginas enlazadas est\u00e1n sujetas, en el momento de la conexi\u00f3n, a posibles restricciones de la legislaci\u00f3n. En el momento de la consulta, no se consideraron los contenidos jur\u00eddicos.<\/p>\n<p>Sin embargo, no es posible realizar un control permanente de las p\u00e1ginas enlazadas sin tener en cuenta las consecuencias negativas de una reclamaci\u00f3n. En caso de que se produzcan violaciones de los derechos de propiedad intelectual, nos comprometemos a mantener los enlaces correspondientes.<\/p>\n<p>Urheberrecht<br>Los contenidos y obras redactados por los redactores de estas p\u00e1ginas se ajustan al Derecho de propiedad intelectual alem\u00e1n. La publicaci\u00f3n, edici\u00f3n, modificaci\u00f3n y cualquier tipo de valoraci\u00f3n dentro de los l\u00edmites de la Ley de Propiedad Intelectual est\u00e1n sujetos a la responsabilidad legal de los autores y editores. Las descargas y copias de esta p\u00e1gina est\u00e1n destinadas exclusivamente al uso privado y no comercial.<\/p>\n<p>Si las entradas de esta p\u00e1gina no han sido creadas por el usuario, se considerar\u00e1n entradas escritas. Adem\u00e1s, las entradas escritas se clasifican como tales. Si, a pesar de todo, le preocupa una posible violaci\u00f3n de los derechos de autor, le remitimos a la siguiente informaci\u00f3n. En caso de que se produzcan cambios en los derechos, le informaremos de ello inmediatamente.<\/p>\t\t\t\t\t\t<\/div>\n\t\t\t\t<\/div>\n\t\t\t\t\t<\/div>\n\t\t<\/div>\n\t\t\t\t\t<\/div>\n\t\t<\/section>\n\t\t\t\t<\/div>","protected":false},"excerpt":{"rendered":"<p>IMPRINT PLUSH74 SWITZERLAND AG Z\u00e4hringerplatz 11, CH-8001 Zurich YEAH@staging.plush74.com\u00a0 Angaben gem\u00e4\u00df \u00a7 5 TMG PLUSH74 SWITZERLAND AG Z\u00e4hringerplatz 11, CH-8001 Zurich Vertreten durch:Robin Sebastian Hoefler KontaktE-Mail: yeah@staging.plush74.com Design by Proxi.me SEO: wilkileads.comVerantwortlich f\u00fcr den Inhalt nach \u00a7 55 Abs. 2 RStV Plush74 Germany GmbHGneisenaustra\u00dfe 58, 10961 Berlin Amtsgericht: Charlottenburg StreitschlichtungDie Europ\u00e4ische Kommission stellt eine Plattform [&hellip;]<\/p>","protected":false},"author":1,"featured_media":0,"parent":0,"menu_order":0,"comment_status":"closed","ping_status":"closed","template":"templates\/template-canvas-elementor.php","meta":{"_acf_changed":false,"footnotes":""},"class_list":["post-1448","page","type-page","status-publish","hentry"],"acf":[],"yoast_head":"<!-- This site is optimized with the Yoast SEO plugin v25.3 - https:\/\/yoast.com\/wordpress\/plugins\/seo\/ -->\n<title>Imprint - Plush74<\/title>\n<meta name=\"robots\" content=\"index, follow, max-snippet:-1, max-image-preview:large, max-video-preview:-1\" \/>\n<link rel=\"canonical\" href=\"https:\/\/staging.plush74.com\/es\/imprint\/\" \/>\n<meta property=\"og:locale\" content=\"es_ES\" \/>\n<meta property=\"og:type\" content=\"article\" \/>\n<meta property=\"og:title\" content=\"Imprint - Plush74\" \/>\n<meta property=\"og:description\" content=\"IMPRINT PLUSH74 SWITZERLAND AG Z\u00e4hringerplatz 11, CH-8001 Zurich YEAH@staging.plush74.com\u00a0 Angaben gem\u00e4\u00df \u00a7 5 TMG PLUSH74 SWITZERLAND AG Z\u00e4hringerplatz 11, CH-8001 Zurich Vertreten durch:Robin Sebastian Hoefler KontaktE-Mail: yeah@staging.plush74.com Design by Proxi.me SEO: wilkileads.comVerantwortlich f\u00fcr den Inhalt nach \u00a7 55 Abs. 2 RStV Plush74 Germany GmbHGneisenaustra\u00dfe 58, 10961 Berlin Amtsgericht: Charlottenburg StreitschlichtungDie Europ\u00e4ische Kommission stellt eine Plattform [&hellip;]\" \/>\n<meta property=\"og:url\" content=\"https:\/\/staging.plush74.com\/es\/imprint\/\" \/>\n<meta property=\"og:site_name\" content=\"Plush74\" \/>\n<meta property=\"article:modified_time\" content=\"2026-03-20T23:23:08+00:00\" \/>\n<meta name=\"twitter:card\" content=\"summary_large_image\" \/>\n<meta name=\"twitter:label1\" content=\"Tiempo de lectura\" \/>\n\t<meta name=\"twitter:data1\" content=\"2 minutos\" \/>\n<script type=\"application\/ld+json\" class=\"yoast-schema-graph\">{\"@context\":\"https:\/\/schema.org\",\"@graph\":[{\"@type\":\"WebPage\",\"@id\":\"https:\/\/staging.plush74.com\/imprint\/\",\"url\":\"https:\/\/staging.plush74.com\/imprint\/\",\"name\":\"Imprint - Plush74\",\"isPartOf\":{\"@id\":\"https:\/\/staging.plush74.com\/#website\"},\"datePublished\":\"2020-03-18T15:34:51+00:00\",\"dateModified\":\"2026-03-20T23:23:08+00:00\",\"breadcrumb\":{\"@id\":\"https:\/\/staging.plush74.com\/imprint\/#breadcrumb\"},\"inLanguage\":\"es\",\"potentialAction\":[{\"@type\":\"ReadAction\",\"target\":[\"https:\/\/staging.plush74.com\/imprint\/\"]}]},{\"@type\":\"BreadcrumbList\",\"@id\":\"https:\/\/staging.plush74.com\/imprint\/#breadcrumb\",\"itemListElement\":[{\"@type\":\"ListItem\",\"position\":1,\"name\":\"Home\",\"item\":\"https:\/\/staging.plush74.com\/\"},{\"@type\":\"ListItem\",\"position\":2,\"name\":\"Imprint\"}]},{\"@type\":\"WebSite\",\"@id\":\"https:\/\/staging.plush74.com\/#website\",\"url\":\"https:\/\/staging.plush74.com\/\",\"name\":\"Plush74\",\"description\":\"Locations with Character\",\"potentialAction\":[{\"@type\":\"SearchAction\",\"target\":{\"@type\":\"EntryPoint\",\"urlTemplate\":\"https:\/\/staging.plush74.com\/?s={search_term_string}\"},\"query-input\":{\"@type\":\"PropertyValueSpecification\",\"valueRequired\":true,\"valueName\":\"search_term_string\"}}],\"inLanguage\":\"es\"}]}<\/script>\n<!-- \/ Yoast SEO plugin. -->","yoast_head_json":{"title":"Imprint - Plush74","robots":{"index":"index","follow":"follow","max-snippet":"max-snippet:-1","max-image-preview":"max-image-preview:large","max-video-preview":"max-video-preview:-1"},"canonical":"https:\/\/staging.plush74.com\/es\/imprint\/","og_locale":"es_ES","og_type":"article","og_title":"Imprint - Plush74","og_description":"IMPRINT PLUSH74 SWITZERLAND AG Z\u00e4hringerplatz 11, CH-8001 Zurich YEAH@staging.plush74.com\u00a0 Angaben gem\u00e4\u00df \u00a7 5 TMG PLUSH74 SWITZERLAND AG Z\u00e4hringerplatz 11, CH-8001 Zurich Vertreten durch:Robin Sebastian Hoefler KontaktE-Mail: yeah@staging.plush74.com Design by Proxi.me SEO: wilkileads.comVerantwortlich f\u00fcr den Inhalt nach \u00a7 55 Abs. 2 RStV Plush74 Germany GmbHGneisenaustra\u00dfe 58, 10961 Berlin Amtsgericht: Charlottenburg StreitschlichtungDie Europ\u00e4ische Kommission stellt eine Plattform [&hellip;]","og_url":"https:\/\/staging.plush74.com\/es\/imprint\/","og_site_name":"Plush74","article_modified_time":"2026-03-20T23:23:08+00:00","twitter_card":"summary_large_image","twitter_misc":{"Tiempo de lectura":"2 minutos"},"schema":{"@context":"https:\/\/schema.org","@graph":[{"@type":"WebPage","@id":"https:\/\/staging.plush74.com\/imprint\/","url":"https:\/\/staging.plush74.com\/imprint\/","name":"Imprint - Plush74","isPartOf":{"@id":"https:\/\/staging.plush74.com\/#website"},"datePublished":"2020-03-18T15:34:51+00:00","dateModified":"2026-03-20T23:23:08+00:00","breadcrumb":{"@id":"https:\/\/staging.plush74.com\/imprint\/#breadcrumb"},"inLanguage":"es","potentialAction":[{"@type":"ReadAction","target":["https:\/\/staging.plush74.com\/imprint\/"]}]},{"@type":"BreadcrumbList","@id":"https:\/\/staging.plush74.com\/imprint\/#breadcrumb","itemListElement":[{"@type":"ListItem","position":1,"name":"Home","item":"https:\/\/staging.plush74.com\/"},{"@type":"ListItem","position":2,"name":"Imprint"}]},{"@type":"WebSite","@id":"https:\/\/staging.plush74.com\/#website","url":"https:\/\/staging.plush74.com\/","name":"Plush74","description":"Locations with Character","potentialAction":[{"@type":"SearchAction","target":{"@type":"EntryPoint","urlTemplate":"https:\/\/staging.plush74.com\/?s={search_term_string}"},"query-input":{"@type":"PropertyValueSpecification","valueRequired":true,"valueName":"search_term_string"}}],"inLanguage":"es"}]}},"_links":{"self":[{"href":"https:\/\/staging.plush74.com\/es\/wp-json\/wp\/v2\/pages\/1448"}],"collection":[{"href":"https:\/\/staging.plush74.com\/es\/wp-json\/wp\/v2\/pages"}],"about":[{"href":"https:\/\/staging.plush74.com\/es\/wp-json\/wp\/v2\/types\/page"}],"author":[{"embeddable":true,"href":"https:\/\/staging.plush74.com\/es\/wp-json\/wp\/v2\/users\/1"}],"replies":[{"embeddable":true,"href":"https:\/\/staging.plush74.com\/es\/wp-json\/wp\/v2\/comments?post=1448"}],"version-history":[{"count":72,"href":"https:\/\/staging.plush74.com\/es\/wp-json\/wp\/v2\/pages\/1448\/revisions"}],"predecessor-version":[{"id":17863,"href":"https:\/\/staging.plush74.com\/es\/wp-json\/wp\/v2\/pages\/1448\/revisions\/17863"}],"wp:attachment":[{"href":"https:\/\/staging.plush74.com\/es\/wp-json\/wp\/v2\/media?parent=1448"}],"curies":[{"name":"wp","href":"https:\/\/api.w.org\/{rel}","templated":true}]}}