{"id":13317,"date":"2024-07-10T16:23:03","date_gmt":"2024-07-10T14:23:03","guid":{"rendered":"https:\/\/staging.plush74.com\/?page_id=13317"},"modified":"2024-07-17T09:33:50","modified_gmt":"2024-07-17T07:33:50","slug":"plush74-pricing","status":"publish","type":"page","link":"https:\/\/staging.plush74.com\/es\/plush74-pricing\/","title":{"rendered":"Plush74 Precios"},"content":{"rendered":"<div data-elementor-type=\"wp-page\" data-elementor-id=\"13317\" class=\"elementor elementor-13317\" data-elementor-post-type=\"page\">\n\t\t\t\t<div class=\"elementor-element elementor-element-f8a1a5f e-flex e-con-boxed e-con e-parent\" data-id=\"f8a1a5f\" data-element_type=\"container\">\n\t\t\t\t\t<div class=\"e-con-inner\">\n\t\t\r\n\t\t<div class=\"elementor-element elementor-element-b67e867 elementor-widget elementor-widget-html\" data-id=\"b67e867\" data-element_type=\"widget\" data-widget_type=\"html.default\">\n\t\t\t\t<div class=\"elementor-widget-container\">\n\t\t\t<!DOCTYPE html>\n<html lang=\"en\">\n<head>\n    <meta charset=\"UTF-8\">\n    <meta name=\"viewport\" content=\"width=device-width, initial-scale=1.0\">\n    <title>Plush74 2024 Estructura de precios<\/title>\n    <style>\n        body {\n            font-family: Arial, sans-serif;\n            margin: 0;\n            padding: 20px;\n            background-color: #f4f4f4;\n        }\n        .pricing-table {\n            max-width: 800px;\n            margin: auto;\n            background: #fff;\n            border-radius: 10px;\n            box-shadow: 0 0 10px rgba(0,0,0,0.1);\n            overflow: hidden;\n        }\n        .pricing-table h1 {\n            background: #000;\n            color: white;\n            text-align: center;\n            padding: 20px;\n            margin: 0;\n        }\n        .pricing-table table {\n            width: 100%;\n            border-collapse: collapse;\n        }\n        .pricing-table th, .pricing-table td {\n            padding: 15px;\n            text-align: left;\n            border-bottom: 1px solid #ddd;\n        }\n        .pricing-table th {\n            background: #f8f8f8;\n        }\n        .pricing-table tr:hover {\n            background-color: #f1f1f1;\n        }\n        .pricing-table .note {\n            padding: 15px;\n            background: #f8f8f8;\n            text-align: center;\n            font-size: 0.9em;\n            color: #555;\n        }\n    <\/style>\n<\/head>\n<body>\n    <div class=\"pricing-table\">\n        <h1>Plush74 2024 Estructura de precios<\/h1>\n        <table>\n            <tr>\n                <th>Servicio<\/th>\n                <th>Tasa<\/th>\n            <\/tr>\n            <tr>\n                <td>Reserva en un solo lugar<\/td>\n                <td>20% del importe total de la reserva<\/td>\n            <\/tr>\n            <tr>\n                <td>Location Tasa de escultismo<\/td>\n                <td>750\u20ac al d\u00eda<\/td>\n            <\/tr>\n            <tr>\n                <td>Creaci\u00f3n de la colecci\u00f3n Location (5 lugares)<\/td>\n                <td>100\u20ac<\/td>\n            <\/tr>\n            <tr>\n                <td>Creaci\u00f3n de la colecci\u00f3n Location (10 lugares)<\/td>\n                <td>150\u20ac<\/td>\n            <\/tr>\n            <tr>\n                <td>Creaci\u00f3n de colecciones Location (m\u00e1s de 20 lugares)<\/td>\n                <td>250\u20ac<\/td>\n            <\/tr>\n            <tr>\n                <td>Informaci\u00f3n de contacto directa de las sedes de Plush74<\/td>\n                <td>100\u20ac<\/td>\n            <\/tr>\n            <tr>\n                <td>Location Manager en el plat\u00f3<\/td>\n                <td>600 euros al d\u00eda<\/td>\n            <\/tr>\n            \n            <tr>\n                <td>Location sesi\u00f3n de fotos con derechos de imagen<\/td>\n                <td>500\u20ac<\/td>\n            <\/tr>\n            <tr>\n                <td>Paquete de SEO y marketing para su ubicaci\u00f3n<\/td>\n                <td>500\u20ac<\/td>\n            <\/tr>\n        <\/table>\n        <div class=\"note\">\n            <p>Todos los precios son sin IVA.<\/p>\n            <p>Todas las reservas y servicios deben abonarse antes de las fechas de reserva.<\/p>\n            <p>Se aplican las condiciones generales.<\/p>\n        <\/div>\n    <\/div>\n<\/body>\n<\/html>\n\t\t<\/div>\n\t\t\t\t<\/div>\n\t\t\t\t\t<\/div>\n\t\t\t\t<\/div>\n\t\t\t\t<\/div>","protected":false},"excerpt":{"rendered":"<p>Plush74 2024 Estructura de precios Plush74 2024 Estructura de precios Cuota de servicio Reserva de ubicaci\u00f3n \u00fanica 20% del importe total de la reserva Location Cuota de exploraci\u00f3n 750\u20ac al d\u00eda Location creaci\u00f3n de colecci\u00f3n (5 ubicaciones) 100\u20ac Location creaci\u00f3n de colecci\u00f3n (10 ubicaciones) 150\u20ac Location creaci\u00f3n de colecci\u00f3n (20+ ubicaciones) 250\u20ac Informaci\u00f3n de contacto directo de ubicaciones Plush74 100\u20ac Location Gestor en plat\u00f3 600\u20ac [...].<\/p>","protected":false},"author":1,"featured_media":0,"parent":0,"menu_order":0,"comment_status":"closed","ping_status":"closed","template":"elementor_header_footer","meta":{"_acf_changed":false,"footnotes":""},"class_list":["post-13317","page","type-page","status-publish","hentry"],"acf":[],"yoast_head":"<!-- This site is optimized with the Yoast SEO plugin v25.3 - https:\/\/yoast.com\/wordpress\/plugins\/seo\/ -->\n<title>Plush74 Pricing - Plush74<\/title>\n<meta name=\"robots\" content=\"noindex, nofollow\" \/>\n<meta property=\"og:locale\" content=\"es_ES\" \/>\n<meta property=\"og:type\" content=\"article\" \/>\n<meta property=\"og:title\" content=\"Plush74 Pricing - Plush74\" \/>\n<meta property=\"og:description\" content=\"Plush74 2024 Pricing Structure Plush74 2024 Pricing Structure Service Fee Single location booking 20% of the total booking amount Location Scouting Fee 750\u20ac a day Location collection creation (5 locations) 100\u20ac Location collection creation (10 locations) 150\u20ac Location collection creation (20+ locations) 250\u20ac Direct contact information of Plush74 locations 100\u20ac Location Manager on set 600\u20ac [&hellip;]\" \/>\n<meta property=\"og:url\" content=\"https:\/\/staging.plush74.com\/es\/plush74-pricing\/\" \/>\n<meta property=\"og:site_name\" content=\"Plush74\" \/>\n<meta property=\"article:modified_time\" content=\"2024-07-17T07:33:50+00:00\" \/>\n<meta name=\"twitter:card\" content=\"summary_large_image\" \/>\n<meta name=\"twitter:label1\" content=\"Tiempo de lectura\" \/>\n\t<meta name=\"twitter:data1\" content=\"1 minuto\" \/>\n<script type=\"application\/ld+json\" class=\"yoast-schema-graph\">{\"@context\":\"https:\/\/schema.org\",\"@graph\":[{\"@type\":\"WebPage\",\"@id\":\"https:\/\/staging.plush74.com\/plush74-pricing\/\",\"url\":\"https:\/\/staging.plush74.com\/plush74-pricing\/\",\"name\":\"Plush74 Pricing - Plush74\",\"isPartOf\":{\"@id\":\"https:\/\/staging.plush74.com\/#website\"},\"datePublished\":\"2024-07-10T14:23:03+00:00\",\"dateModified\":\"2024-07-17T07:33:50+00:00\",\"breadcrumb\":{\"@id\":\"https:\/\/staging.plush74.com\/plush74-pricing\/#breadcrumb\"},\"inLanguage\":\"es\",\"potentialAction\":[{\"@type\":\"ReadAction\",\"target\":[\"https:\/\/staging.plush74.com\/plush74-pricing\/\"]}]},{\"@type\":\"BreadcrumbList\",\"@id\":\"https:\/\/staging.plush74.com\/plush74-pricing\/#breadcrumb\",\"itemListElement\":[{\"@type\":\"ListItem\",\"position\":1,\"name\":\"Home\",\"item\":\"https:\/\/staging.plush74.com\/\"},{\"@type\":\"ListItem\",\"position\":2,\"name\":\"Plush74 Pricing\"}]},{\"@type\":\"WebSite\",\"@id\":\"https:\/\/staging.plush74.com\/#website\",\"url\":\"https:\/\/staging.plush74.com\/\",\"name\":\"Plush74\",\"description\":\"Locations with Character\",\"potentialAction\":[{\"@type\":\"SearchAction\",\"target\":{\"@type\":\"EntryPoint\",\"urlTemplate\":\"https:\/\/staging.plush74.com\/?s={search_term_string}\"},\"query-input\":{\"@type\":\"PropertyValueSpecification\",\"valueRequired\":true,\"valueName\":\"search_term_string\"}}],\"inLanguage\":\"es\"}]}<\/script>\n<!-- \/ Yoast SEO plugin. -->","yoast_head_json":{"title":"Plush74 Pricing - Plush74","robots":{"index":"noindex","follow":"nofollow"},"og_locale":"es_ES","og_type":"article","og_title":"Plush74 Pricing - Plush74","og_description":"Plush74 2024 Pricing Structure Plush74 2024 Pricing Structure Service Fee Single location booking 20% of the total booking amount Location Scouting Fee 750\u20ac a day Location collection creation (5 locations) 100\u20ac Location collection creation (10 locations) 150\u20ac Location collection creation (20+ locations) 250\u20ac Direct contact information of Plush74 locations 100\u20ac Location Manager on set 600\u20ac [&hellip;]","og_url":"https:\/\/staging.plush74.com\/es\/plush74-pricing\/","og_site_name":"Plush74","article_modified_time":"2024-07-17T07:33:50+00:00","twitter_card":"summary_large_image","twitter_misc":{"Tiempo de lectura":"1 minuto"},"schema":{"@context":"https:\/\/schema.org","@graph":[{"@type":"WebPage","@id":"https:\/\/staging.plush74.com\/plush74-pricing\/","url":"https:\/\/staging.plush74.com\/plush74-pricing\/","name":"Plush74 Pricing - Plush74","isPartOf":{"@id":"https:\/\/staging.plush74.com\/#website"},"datePublished":"2024-07-10T14:23:03+00:00","dateModified":"2024-07-17T07:33:50+00:00","breadcrumb":{"@id":"https:\/\/staging.plush74.com\/plush74-pricing\/#breadcrumb"},"inLanguage":"es","potentialAction":[{"@type":"ReadAction","target":["https:\/\/staging.plush74.com\/plush74-pricing\/"]}]},{"@type":"BreadcrumbList","@id":"https:\/\/staging.plush74.com\/plush74-pricing\/#breadcrumb","itemListElement":[{"@type":"ListItem","position":1,"name":"Home","item":"https:\/\/staging.plush74.com\/"},{"@type":"ListItem","position":2,"name":"Plush74 Pricing"}]},{"@type":"WebSite","@id":"https:\/\/staging.plush74.com\/#website","url":"https:\/\/staging.plush74.com\/","name":"Plush74","description":"Locations with Character","potentialAction":[{"@type":"SearchAction","target":{"@type":"EntryPoint","urlTemplate":"https:\/\/staging.plush74.com\/?s={search_term_string}"},"query-input":{"@type":"PropertyValueSpecification","valueRequired":true,"valueName":"search_term_string"}}],"inLanguage":"es"}]}},"_links":{"self":[{"href":"https:\/\/staging.plush74.com\/es\/wp-json\/wp\/v2\/pages\/13317"}],"collection":[{"href":"https:\/\/staging.plush74.com\/es\/wp-json\/wp\/v2\/pages"}],"about":[{"href":"https:\/\/staging.plush74.com\/es\/wp-json\/wp\/v2\/types\/page"}],"author":[{"embeddable":true,"href":"https:\/\/staging.plush74.com\/es\/wp-json\/wp\/v2\/users\/1"}],"replies":[{"embeddable":true,"href":"https:\/\/staging.plush74.com\/es\/wp-json\/wp\/v2\/comments?post=13317"}],"version-history":[{"count":42,"href":"https:\/\/staging.plush74.com\/es\/wp-json\/wp\/v2\/pages\/13317\/revisions"}],"predecessor-version":[{"id":13442,"href":"https:\/\/staging.plush74.com\/es\/wp-json\/wp\/v2\/pages\/13317\/revisions\/13442"}],"wp:attachment":[{"href":"https:\/\/staging.plush74.com\/es\/wp-json\/wp\/v2\/media?parent=13317"}],"curies":[{"name":"wp","href":"https:\/\/api.w.org\/{rel}","templated":true}]}}