{"id":9067,"date":"2023-05-12T14:24:39","date_gmt":"2023-05-12T12:24:39","guid":{"rendered":"https:\/\/staging.plush74.com\/?page_id=9067"},"modified":"2026-02-17T23:53:37","modified_gmt":"2026-02-17T21:53:37","slug":"fee-structure","status":"publish","type":"page","link":"https:\/\/staging.plush74.com\/de\/fee-structure\/","title":{"rendered":"Geb\u00fchrenstruktur"},"content":{"rendered":"<div data-elementor-type=\"wp-page\" data-elementor-id=\"9067\" class=\"elementor elementor-9067\" data-elementor-post-type=\"page\">\n\t\t\t\t\t\t<section class=\"elementor-section elementor-top-section elementor-element elementor-element-07eb0b5 elementor-section-full_width elementor-section-height-default elementor-section-height-default\" data-id=\"07eb0b5\" data-element_type=\"section\">\n\t\t\t\t\t\t<div class=\"elementor-container elementor-column-gap-extended\">\n\t\t\t\t\t<div class=\"elementor-column elementor-col-50 elementor-top-column elementor-element elementor-element-4fafd3c swel_right_line\" data-id=\"4fafd3c\" data-element_type=\"column\" data-settings=\"{&quot;background_background&quot;:&quot;classic&quot;}\">\n\t\t\t<div class=\"elementor-widget-wrap elementor-element-populated\">\n\t\t\t\t\r\n\t\t<div class=\"elementor-element elementor-element-d6c3d53 elementor-widget elementor-widget-heading\" data-id=\"d6c3d53\" data-element_type=\"widget\" data-widget_type=\"heading.default\">\n\t\t\t\t<div class=\"elementor-widget-container\">\n\t\t\t<h2 class=\"elementor-heading-title elementor-size-default\">Geb\u00fchrenstruktur<\/h2>\t\t<\/div>\n\t\t\t\t<\/div>\n\t\t\t\t\t<\/div>\n\t\t<\/div>\n\t\t\t\t<div class=\"elementor-column elementor-col-50 elementor-top-column elementor-element elementor-element-af9e046\" data-id=\"af9e046\" data-element_type=\"column\">\n\t\t\t<div class=\"elementor-widget-wrap elementor-element-populated\">\n\t\t\t\t\t\t<div class=\"elementor-element elementor-element-a8a9bfa elementor-widget elementor-widget-text-editor\" data-id=\"a8a9bfa\" data-element_type=\"widget\" data-widget_type=\"text-editor.default\">\n\t\t\t\t<div class=\"elementor-widget-container\">\n\t\t\t\t\t\t\t<p><span class=\"s1\"><b>PLUSH74 GEB\u00dcHRENSTRUKTUR<\/b><\/span><\/p>\t\t\t\t\t\t<\/div>\n\t\t\t\t<\/div>\n\t\t\t\t<div class=\"elementor-element elementor-element-0ccd0c1 elementor-widget elementor-widget-text-editor\" data-id=\"0ccd0c1\" data-element_type=\"widget\" data-widget_type=\"text-editor.default\">\n\t\t\t\t<div class=\"elementor-widget-container\">\n\t\t\t\t\t\t\t<h3>1. Kundengeb\u00fchren<\/h3>\n<div>&nbsp;<\/div>\n<p>Wenn ein Kunde eine Location \u00fcber PLUSH74 bucht, werden in der Regel keine zus\u00e4tzlichen Geb\u00fchren f\u00fcr die Miete der Location erhoben. Dies gilt f\u00fcr alle Buchungen \u00fcber den Pl\u00fcsch-Chat und f\u00fcr die meisten Veranstaltungsanfragen, sofern nicht anders angegeben.<\/p>\n<p><\/p>\n<p>Wenn ein Kunde eine Location bucht, nachdem er den Scouting-Service von PLUSH74 in Anspruch genommen hat, kann eine Kundengeb\u00fchr von zwanzig Prozent (20%) auf den Mietpreis aufgeschlagen werden, um den ma\u00dfgeschneiderten Service zu kompensieren. Diese Geb\u00fchr deckt die Dienstleistungen, den Support und die Unterst\u00fctzung von PLUSH74 ab, um eine reibungslose und erfolgreiche Buchung zu gew\u00e4hrleisten.<\/p>\n<p><\/p>\n<p>Dar\u00fcber hinaus werden \u00dcberstunden immer anteilig berechnet. \u00dcberstunden werden berechnet, indem die Standortgeb\u00fchr durch eine Standardbuchungsdauer von zehn (10) Stunden pro Tag geteilt wird und dieser Satz auf die \u00fcbersch\u00fcssigen Stunden angewendet wird, zusammen mit einer pauschalen zwanzigprozentigen (20%) Kundengeb\u00fchr.<\/p>\n<p><\/p>\n<p><span style=\"color: inherit; font-family: inherit; font-size: 18px;\">2. Mitgliedsbeitr\u00e4ge<\/span><\/p>\n<div>&nbsp;<\/div>\n<p>Standortinhaber (bezeichnet als <strong>Mitglieder<\/strong>) sind verantwortlich f\u00fcr die Zahlung einer <strong>Mitgliedsbeitrag<\/strong> an PLUSH74 f\u00fcr jede erfolgreiche Buchung, die \u00fcber die Plattform erfolgt. Die <strong>Der Mitgliedsbeitrag reicht von 10 bis 30%<\/strong> des Buchungsbetrags, ohne Nebenkosten, Steuern oder zus\u00e4tzliche Geb\u00fchren. Diese Geb\u00fchr entsch\u00e4digt PLUSH74 f\u00fcr den Betrieb und die Pflege der Online-Plattform, die Erleichterung von Transaktionen, die Verbindung von Mitgliedern mit potenziellen Kunden, Online-Marketing (SEO, Newsletter, branchenspezifische Plattformen, soziale Medien usw.) und die Bereitstellung von laufendem Support.<\/p>\n<p>F\u00fcr <strong>Buchungen von Veranstaltungsorten oder Veranstaltungsanfragen<\/strong>wird der Standard-Mitgliedsbeitrag auf 10% festgelegt.<strong>Die Veranstaltung unterliegt jedoch weiterhin dem Geltungsbereich der Veranstaltung. Es gelten Ausnahmen.<\/strong><\/p>\n<p><strong>&nbsp;<\/strong><\/p>\n<h3>3. Anwendbarkeit und Ausnahmen<\/h3>\n<div>&nbsp;<\/div>\n<p>Diese Geb\u00fchrenstruktur gilt f\u00fcr Buchungen, die \u00fcber PLUSH74 get\u00e4tigt werden. In einigen F\u00e4llen k\u00f6nnen jedoch Ausnahmen oder individuelle Geb\u00fchrenvereinbarungen zwischen PLUSH74, Mitgliedern und Kunden ausgehandelt werden. Alle \u00c4nderungen an der Standardgeb\u00fchrenstruktur werden vor der Best\u00e4tigung einer Buchung mitgeteilt und vereinbart.<\/p>\n<p><\/p>\n<h3>4. Geb\u00fchrenzahlung und Abz\u00fcge<\/h3>\n<div>&nbsp;<\/div>\n<p>PLUSH74 stellt dem Kunden die Miete des Standorts und die entsprechende Kundengeb\u00fchr direkt in Rechnung. Der Prozess funktioniert wie folgt:<\/p>\n<ul>\n<li>Nach Best\u00e4tigung einer Buchung stellt PLUSH74 dem Kunden den zwischen dem Mitglied und dem Kunden (oder zwischen Plush74-Mitarbeitern und dem Kunden) vereinbarten Mietpreis per Rechnung in Rechnung und bittet um vollst\u00e4ndige Vorauszahlung bis drei Tage vor Produktionsbeginn.<\/li>\n<li>PLUSH74 zahlt die Standortmiete an das Mitglied am ersten<strong>&nbsp;Produktionstag<\/strong> (vorbehaltlich des vollst\u00e4ndigen Zahlungseingangs durch den Kunden), abz\u00fcglich des geltenden Mitgliedsbeitrags.<\/li>\n<li>Die Mitglieder m\u00fcssen eine g\u00fcltige Rechnung \u00fcber den Mietpreis vorlegen, um die Zahlung zu erhalten.<\/li>\n<li>Im Falle von Veranstaltungsanfragen stellen die Veranstaltungsorte die Rechnung in der Regel direkt an den Kunden. Plush74 stellt dem Veranstaltungsort dann den Mitgliedsbeitrag in Rechnung.<\/li>\n<\/ul>\n<p>Die <strong>Mitgliedsbeitrag und&nbsp;<\/strong><strong style=\"color: var( --e-global-color-text ); font-family: var( --e-global-typography-text-font-family ), Maison Neue;\">Kundengeb\u00fchr (falls zutreffend)<\/strong><strong style=\"color: var( --e-global-color-text ); font-family: var( --e-global-typography-text-font-family ), Maison Neue;\">&nbsp;werden separat berechnet<\/strong><span style=\"color: var( --e-global-color-text ); font-family: var( --e-global-typography-text-font-family ), Maison Neue; font-weight: var( --e-global-typography-text-font-weight );\">. Der Mitgliedsbeitrag wird vom Gesamtbetrag der Buchung abgezogen, w\u00e4hrend die Kundengeb\u00fchr (falls zutreffend) zus\u00e4tzlich zum Buchungspreis erhoben wird.<\/span><\/p>\n<h3><span style=\"color: var( --e-global-color-text ); font-family: var( --e-global-typography-text-font-family ), Maison Neue; font-weight: var( --e-global-typography-text-font-weight );\">5. Location Auflistung<\/span>&nbsp;Verwaltungsgeb\u00fchr&nbsp;<\/h3>\n<p><br>Bevor ein Standort auf PLUSH74 ver\u00f6ffentlicht werden kann, m\u00fcssen zugelassene Mitglieder eine einmalige Einrichtungsgeb\u00fchr in H\u00f6he von vierundsiebzig Euro (74 \u20ac), einschlie\u00dflich 19% deutscher Mehrwertsteuer, entrichten. Diese Verwaltungsgeb\u00fchr deckt die Ersteinrichtung, \u00dcberpr\u00fcfung und Optimierung des Eintrags des Mitglieds auf der Plush74-Plattform ab. Die Geb\u00fchr ist nicht erstattungsf\u00e4hig und wird nur einmal pro Mitgliedskonto erhoben.<\/p>\n<h3>6. Geb\u00fchrenanpassungen und Erstattungen<\/h3>\n<div>&nbsp;<\/div>\n<p>Wenn eine Buchung ge\u00e4ndert, storniert oder r\u00fcckerstattet wird, werden Anpassungen der <strong>Kundengeb\u00fchr und Mitgliedsbeitrag<\/strong> erforderlich sein kann. In F\u00e4llen, in denen ein Kunde innerhalb der zul\u00e4ssigen Erstattungsfrist storniert, ist die <strong>Die Kundengeb\u00fchr wird neu kalkuliert<\/strong> auf der Grundlage des angepassten Buchungsbetrags. Auch wenn ein Mitglied eine Buchung \u00e4ndert oder storniert, wird der <strong>Der Mitgliedsbeitrag wird entsprechend angepasst.<\/strong>. Erstattungen oder Geb\u00fchren\u00e4nderungen werden zeitnah bearbeitet.<\/p>\n<p><\/p>\n<h3>7. \u00c4nderungen der Geb\u00fchrenstruktur<\/h3>\n<div>&nbsp;<\/div>\n<p>PLUSH74 beh\u00e4lt sich das Recht vor, die Geb\u00fchrenstruktur nach Bedarf zu \u00e4ndern. Alle \u00c4nderungen werden nach ordnungsgem\u00e4\u00dfer Benachrichtigung der Kunden und Mitglieder wirksam. Benachrichtigungen \u00fcber Geb\u00fchren\u00e4nderungen werden per E-Mail oder \u00fcber das Benachrichtigungssystem der Plattform verschickt. Die fortgesetzte Nutzung der PLUSH74-Plattform nach einer Geb\u00fchrenaktualisierung stellt <strong>die Annahme der \u00fcberarbeiteten Geb\u00fchrenstruktur<\/strong>.<\/p>\n<p><\/p>\n<h3>8. Rechtskonformit\u00e4t und Steuern<\/h3>\n<div>&nbsp;<\/div>\n<p>Kunden und Mitglieder sind f\u00fcr die Einhaltung folgender Bestimmungen verantwortlich <strong>geltende Gesetze, Vorschriften und steuerliche Verpflichtungen<\/strong> in Bezug auf Zahlungen und Geb\u00fchren. PLUSH74 \u00fcbernimmt keine Verantwortung f\u00fcr Steuern, Z\u00f6lle oder sonstige Abgaben, die auf den <strong>Kundengeb\u00fchr oder Mitgliedsbeitrag<\/strong> von jeder Gerichtsbarkeit. Kunden und Mitglieder sollten sich von ihren eigenen Steuerberatern beraten lassen.<\/p>\n<p><\/p>\n<h3>9. Zustimmung zur Geb\u00fchrenstruktur<\/h3>\n<div>&nbsp;<\/div>\n<p>Durch die Verwendung von PLUSH74, <strong>Kunden und Mitglieder stimmen der Geb\u00fchrenstruktur zu<\/strong> wie oben dargelegt. Je nach Buchungsart und -kanal akzeptieren die Kunden eine potenziell anwendbare<strong>&nbsp;Kundengeb\u00fchr<\/strong>w\u00e4hrend die Abgeordneten die Einbehaltung einer<strong>&nbsp;Mitgliedsbeitrag bei Auszahlung.<\/strong><\/p>\n<p>Die Buchung und das Einstellen einer Location auf PLUSH74 setzt die Anerkennung und Zustimmung zu diesen Bedingungen voraus.<\/p>\n<p><\/p>\n<h3>10. Aktualisierungen und Benachrichtigungen<\/h3>\n<div>&nbsp;<\/div>\n<p>PLUSH74 kann die Geb\u00fchrenstruktur in regelm\u00e4\u00dfigen Abst\u00e4nden \u00e4ndern, um sie an die betrieblichen Erfordernisse anzupassen. Kunden und Mitglieder werden per E-Mail oder \u00fcber die Plattform \u00fcber \u00c4nderungen informiert. Es liegt in ihrer Verantwortung, sich \u00fcber die aktuelle Geb\u00fchrenstruktur zu informieren. Die fortgesetzte Nutzung von PLUSH74 nach einer \u00c4nderung bedeutet <strong>die Annahme der aktualisierten Geb\u00fchren<\/strong>.<\/p>\n<p><\/p>\n<h3>11. Trennbarkeit<\/h3>\n<div>&nbsp;<\/div>\n<p>Wird ein Teil dieser Geb\u00fchrenstruktur als <strong>ung\u00fcltig, illegal oder nicht durchsetzbar<\/strong>bleiben die \u00fcbrigen Bestimmungen in vollem Umfang wirksam. Die Unwirksamkeit einer Klausel hat keine Auswirkungen auf die <strong>G\u00fcltigkeit der sonstigen Bestimmungen<\/strong>.<\/p>\t\t\t\t\t\t<\/div>\n\t\t\t\t<\/div>\n\t\t\t\t\t<\/div>\n\t\t<\/div>\n\t\t\t\t\t<\/div>\n\t\t<\/section>\n\t\t\t\t<\/div>","protected":false},"excerpt":{"rendered":"<p>Fee structure PLUSH74 FEE STRUCTURE 1. Client Fees &nbsp; When a Client books a location through PLUSH74, no additional fees are generally charged on top of the location rental. This policy applies to all bookings made through the Plush Chat or for most event requests, unless otherwise specified. If a Client books a location after [&hellip;]<\/p>","protected":false},"author":1,"featured_media":0,"parent":0,"menu_order":0,"comment_status":"closed","ping_status":"closed","template":"elementor_header_footer","meta":{"_acf_changed":false,"footnotes":""},"class_list":["post-9067","page","type-page","status-publish","hentry"],"acf":[],"yoast_head":"<!-- This site is optimized with the Yoast SEO plugin v25.3 - https:\/\/yoast.com\/wordpress\/plugins\/seo\/ -->\n<title>Fee Structure - Plush74<\/title>\n<meta name=\"robots\" content=\"index, follow, max-snippet:-1, max-image-preview:large, max-video-preview:-1\" \/>\n<link rel=\"canonical\" href=\"https:\/\/staging.plush74.com\/de\/fee-structure\/\" \/>\n<meta property=\"og:locale\" content=\"de_DE\" \/>\n<meta property=\"og:type\" content=\"article\" \/>\n<meta property=\"og:title\" content=\"Fee Structure - Plush74\" \/>\n<meta property=\"og:description\" content=\"Fee structure PLUSH74 FEE STRUCTURE 1. Client Fees &nbsp; When a Client books a location through PLUSH74, no additional fees are generally charged on top of the location rental. This policy applies to all bookings made through the Plush Chat or for most event requests, unless otherwise specified. If a Client books a location after [&hellip;]\" \/>\n<meta property=\"og:url\" content=\"https:\/\/staging.plush74.com\/de\/fee-structure\/\" \/>\n<meta property=\"og:site_name\" content=\"Plush74\" \/>\n<meta property=\"article:modified_time\" content=\"2026-02-17T21:53:37+00:00\" \/>\n<meta name=\"twitter:card\" content=\"summary_large_image\" \/>\n<meta name=\"twitter:label1\" content=\"Gesch\u00e4tzte Lesezeit\" \/>\n\t<meta name=\"twitter:data1\" content=\"4\u00a0Minuten\" \/>\n<script type=\"application\/ld+json\" class=\"yoast-schema-graph\">{\"@context\":\"https:\/\/schema.org\",\"@graph\":[{\"@type\":\"WebPage\",\"@id\":\"https:\/\/staging.plush74.com\/fee-structure\/\",\"url\":\"https:\/\/staging.plush74.com\/fee-structure\/\",\"name\":\"Fee Structure - Plush74\",\"isPartOf\":{\"@id\":\"https:\/\/staging.plush74.com\/#website\"},\"datePublished\":\"2023-05-12T12:24:39+00:00\",\"dateModified\":\"2026-02-17T21:53:37+00:00\",\"breadcrumb\":{\"@id\":\"https:\/\/staging.plush74.com\/fee-structure\/#breadcrumb\"},\"inLanguage\":\"de\",\"potentialAction\":[{\"@type\":\"ReadAction\",\"target\":[\"https:\/\/staging.plush74.com\/fee-structure\/\"]}]},{\"@type\":\"BreadcrumbList\",\"@id\":\"https:\/\/staging.plush74.com\/fee-structure\/#breadcrumb\",\"itemListElement\":[{\"@type\":\"ListItem\",\"position\":1,\"name\":\"Home\",\"item\":\"https:\/\/staging.plush74.com\/\"},{\"@type\":\"ListItem\",\"position\":2,\"name\":\"Fee Structure\"}]},{\"@type\":\"WebSite\",\"@id\":\"https:\/\/staging.plush74.com\/#website\",\"url\":\"https:\/\/staging.plush74.com\/\",\"name\":\"Plush74\",\"description\":\"Locations with Character\",\"potentialAction\":[{\"@type\":\"SearchAction\",\"target\":{\"@type\":\"EntryPoint\",\"urlTemplate\":\"https:\/\/staging.plush74.com\/?s={search_term_string}\"},\"query-input\":{\"@type\":\"PropertyValueSpecification\",\"valueRequired\":true,\"valueName\":\"search_term_string\"}}],\"inLanguage\":\"de\"}]}<\/script>\n<!-- \/ Yoast SEO plugin. -->","yoast_head_json":{"title":"Fee Structure - Plush74","robots":{"index":"index","follow":"follow","max-snippet":"max-snippet:-1","max-image-preview":"max-image-preview:large","max-video-preview":"max-video-preview:-1"},"canonical":"https:\/\/staging.plush74.com\/de\/fee-structure\/","og_locale":"de_DE","og_type":"article","og_title":"Fee Structure - Plush74","og_description":"Fee structure PLUSH74 FEE STRUCTURE 1. Client Fees &nbsp; When a Client books a location through PLUSH74, no additional fees are generally charged on top of the location rental. This policy applies to all bookings made through the Plush Chat or for most event requests, unless otherwise specified. If a Client books a location after [&hellip;]","og_url":"https:\/\/staging.plush74.com\/de\/fee-structure\/","og_site_name":"Plush74","article_modified_time":"2026-02-17T21:53:37+00:00","twitter_card":"summary_large_image","twitter_misc":{"Gesch\u00e4tzte Lesezeit":"4\u00a0Minuten"},"schema":{"@context":"https:\/\/schema.org","@graph":[{"@type":"WebPage","@id":"https:\/\/staging.plush74.com\/fee-structure\/","url":"https:\/\/staging.plush74.com\/fee-structure\/","name":"Fee Structure - Plush74","isPartOf":{"@id":"https:\/\/staging.plush74.com\/#website"},"datePublished":"2023-05-12T12:24:39+00:00","dateModified":"2026-02-17T21:53:37+00:00","breadcrumb":{"@id":"https:\/\/staging.plush74.com\/fee-structure\/#breadcrumb"},"inLanguage":"de","potentialAction":[{"@type":"ReadAction","target":["https:\/\/staging.plush74.com\/fee-structure\/"]}]},{"@type":"BreadcrumbList","@id":"https:\/\/staging.plush74.com\/fee-structure\/#breadcrumb","itemListElement":[{"@type":"ListItem","position":1,"name":"Home","item":"https:\/\/staging.plush74.com\/"},{"@type":"ListItem","position":2,"name":"Fee Structure"}]},{"@type":"WebSite","@id":"https:\/\/staging.plush74.com\/#website","url":"https:\/\/staging.plush74.com\/","name":"Plush74","description":"Locations with Character","potentialAction":[{"@type":"SearchAction","target":{"@type":"EntryPoint","urlTemplate":"https:\/\/staging.plush74.com\/?s={search_term_string}"},"query-input":{"@type":"PropertyValueSpecification","valueRequired":true,"valueName":"search_term_string"}}],"inLanguage":"de"}]}},"_links":{"self":[{"href":"https:\/\/staging.plush74.com\/de\/wp-json\/wp\/v2\/pages\/9067"}],"collection":[{"href":"https:\/\/staging.plush74.com\/de\/wp-json\/wp\/v2\/pages"}],"about":[{"href":"https:\/\/staging.plush74.com\/de\/wp-json\/wp\/v2\/types\/page"}],"author":[{"embeddable":true,"href":"https:\/\/staging.plush74.com\/de\/wp-json\/wp\/v2\/users\/1"}],"replies":[{"embeddable":true,"href":"https:\/\/staging.plush74.com\/de\/wp-json\/wp\/v2\/comments?post=9067"}],"version-history":[{"count":70,"href":"https:\/\/staging.plush74.com\/de\/wp-json\/wp\/v2\/pages\/9067\/revisions"}],"predecessor-version":[{"id":17754,"href":"https:\/\/staging.plush74.com\/de\/wp-json\/wp\/v2\/pages\/9067\/revisions\/17754"}],"wp:attachment":[{"href":"https:\/\/staging.plush74.com\/de\/wp-json\/wp\/v2\/media?parent=9067"}],"curies":[{"name":"wp","href":"https:\/\/api.w.org\/{rel}","templated":true}]}}