{"id":17197,"date":"2025-12-04T17:41:32","date_gmt":"2025-12-04T15:41:32","guid":{"rendered":"https:\/\/staging.plush74.com\/spaces\/hotel-product-launch-zurich\/"},"modified":"2025-12-04T17:41:32","modified_gmt":"2025-12-04T15:41:32","slug":"hotel-product-launch-zurich","status":"publish","type":"page","link":"https:\/\/staging.plush74.com\/de\/spaces\/hotel-product-launch-zurich\/","title":{"rendered":"Entdecken Sie das Premium Hotel Locations in Z\u00fcrich f\u00fcr Produkteinf\u00fchrungsevents mit Plush74"},"content":{"rendered":"","protected":false},"excerpt":{"rendered":"","protected":false},"author":1,"featured_media":0,"parent":16227,"menu_order":0,"comment_status":"closed","ping_status":"closed","template":"templates\/template-results-full-width-ab.php","meta":{"_acf_changed":false,"footnotes":""},"class_list":["post-17197","page","type-page","status-publish","hentry"],"acf":[],"yoast_head":"<!-- This site is optimized with the Yoast SEO plugin v25.3 - https:\/\/yoast.com\/wordpress\/plugins\/seo\/ -->\n<title>Plush74: High-end Hotel Locations in Zurich for Product Launches<\/title>\n<meta name=\"description\" content=\"Discover Plush74&#039;s curated selection of premium hotels in Zurich, perfect for your product launch. Choose from a variety of visually impressive locations for a memorable event.\" \/>\n<meta name=\"robots\" content=\"index, follow, max-snippet:-1, max-image-preview:large, max-video-preview:-1\" \/>\n<link rel=\"canonical\" href=\"\/de\/spaces\/hotel-product-launch-zurich\/\" \/>\n<meta property=\"og:locale\" content=\"de_DE\" \/>\n<meta property=\"og:type\" content=\"article\" \/>\n<meta property=\"og:title\" content=\"Plush74: High-end Hotel Locations in Zurich for Product Launches\" \/>\n<meta property=\"og:description\" content=\"Discover Plush74&#039;s curated selection of premium hotels in Zurich, perfect for your product launch. Choose from a variety of visually impressive locations for a memorable event.\" \/>\n<meta property=\"og:url\" content=\"\/de\/spaces\/hotel-product-launch-zurich\/\" \/>\n<meta property=\"og:site_name\" content=\"Plush74\" \/>\n<meta name=\"twitter:card\" content=\"summary_large_image\" \/>\n<script type=\"application\/ld+json\" class=\"yoast-schema-graph\">{\"@context\":\"https:\/\/schema.org\",\"@graph\":[{\"@type\":\"WebPage\",\"@id\":\"https:\/\/staging.plush74.com\/spaces\/hotel-product-launch-zurich\/\",\"url\":\"\/spaces\/hotel-product-launch-zurich\",\"name\":\"Plush74: High-end Hotel Locations in Zurich for Product Launches\",\"isPartOf\":{\"@id\":\"https:\/\/staging.plush74.com\/#website\"},\"datePublished\":\"2025-12-04T15:41:32+00:00\",\"description\":\"Discover Plush74's curated selection of premium hotels in Zurich, perfect for your product launch. Choose from a variety of visually impressive locations for a memorable event.\",\"breadcrumb\":{\"@id\":\"\/spaces\/hotel-product-launch-zurich#breadcrumb\"},\"inLanguage\":\"de\",\"potentialAction\":[{\"@type\":\"ReadAction\",\"target\":[\"\/spaces\/hotel-product-launch-zurich\"]}]},{\"@type\":\"BreadcrumbList\",\"@id\":\"\/spaces\/hotel-product-launch-zurich#breadcrumb\",\"itemListElement\":[{\"@type\":\"ListItem\",\"position\":1,\"name\":\"Home\",\"item\":\"https:\/\/staging.plush74.com\/\"},{\"@type\":\"ListItem\",\"position\":2,\"name\":\"Spaces Sitemap\",\"item\":\"https:\/\/staging.plush74.com\/spaces\/\"},{\"@type\":\"ListItem\",\"position\":3,\"name\":\"Uncover Premium Hotel Locations in Zurich for Product Launch Events with Plush74\"}]},{\"@type\":\"WebSite\",\"@id\":\"https:\/\/staging.plush74.com\/#website\",\"url\":\"https:\/\/staging.plush74.com\/\",\"name\":\"Plush74\",\"description\":\"Locations with Character\",\"potentialAction\":[{\"@type\":\"SearchAction\",\"target\":{\"@type\":\"EntryPoint\",\"urlTemplate\":\"https:\/\/staging.plush74.com\/?s={search_term_string}\"},\"query-input\":{\"@type\":\"PropertyValueSpecification\",\"valueRequired\":true,\"valueName\":\"search_term_string\"}}],\"inLanguage\":\"de\"}]}<\/script>\n<!-- \/ Yoast SEO plugin. -->","yoast_head_json":{"title":"Plush74: High-end Hotel Locations in Zurich for Product Launches","description":"Discover Plush74's curated selection of premium hotels in Zurich, perfect for your product launch. Choose from a variety of visually impressive locations for a memorable event.","robots":{"index":"index","follow":"follow","max-snippet":"max-snippet:-1","max-image-preview":"max-image-preview:large","max-video-preview":"max-video-preview:-1"},"canonical":"\/de\/spaces\/hotel-product-launch-zurich\/","og_locale":"de_DE","og_type":"article","og_title":"Plush74: High-end Hotel Locations in Zurich for Product Launches","og_description":"Discover Plush74's curated selection of premium hotels in Zurich, perfect for your product launch. Choose from a variety of visually impressive locations for a memorable event.","og_url":"\/de\/spaces\/hotel-product-launch-zurich\/","og_site_name":"Plush74","twitter_card":"summary_large_image","schema":{"@context":"https:\/\/schema.org","@graph":[{"@type":"WebPage","@id":"https:\/\/staging.plush74.com\/spaces\/hotel-product-launch-zurich\/","url":"\/spaces\/hotel-product-launch-zurich","name":"Plush74: High-end Hotel Locations in Zurich for Product Launches","isPartOf":{"@id":"https:\/\/staging.plush74.com\/#website"},"datePublished":"2025-12-04T15:41:32+00:00","description":"Discover Plush74's curated selection of premium hotels in Zurich, perfect for your product launch. Choose from a variety of visually impressive locations for a memorable event.","breadcrumb":{"@id":"\/spaces\/hotel-product-launch-zurich#breadcrumb"},"inLanguage":"de","potentialAction":[{"@type":"ReadAction","target":["\/spaces\/hotel-product-launch-zurich"]}]},{"@type":"BreadcrumbList","@id":"\/spaces\/hotel-product-launch-zurich#breadcrumb","itemListElement":[{"@type":"ListItem","position":1,"name":"Home","item":"https:\/\/staging.plush74.com\/"},{"@type":"ListItem","position":2,"name":"Spaces Sitemap","item":"https:\/\/staging.plush74.com\/spaces\/"},{"@type":"ListItem","position":3,"name":"Uncover Premium Hotel Locations in Zurich for Product Launch Events with Plush74"}]},{"@type":"WebSite","@id":"https:\/\/staging.plush74.com\/#website","url":"https:\/\/staging.plush74.com\/","name":"Plush74","description":"Locations with Character","potentialAction":[{"@type":"SearchAction","target":{"@type":"EntryPoint","urlTemplate":"https:\/\/staging.plush74.com\/?s={search_term_string}"},"query-input":{"@type":"PropertyValueSpecification","valueRequired":true,"valueName":"search_term_string"}}],"inLanguage":"de"}]}},"_links":{"self":[{"href":"https:\/\/staging.plush74.com\/de\/wp-json\/wp\/v2\/pages\/17197"}],"collection":[{"href":"https:\/\/staging.plush74.com\/de\/wp-json\/wp\/v2\/pages"}],"about":[{"href":"https:\/\/staging.plush74.com\/de\/wp-json\/wp\/v2\/types\/page"}],"author":[{"embeddable":true,"href":"https:\/\/staging.plush74.com\/de\/wp-json\/wp\/v2\/users\/1"}],"replies":[{"embeddable":true,"href":"https:\/\/staging.plush74.com\/de\/wp-json\/wp\/v2\/comments?post=17197"}],"version-history":[{"count":0,"href":"https:\/\/staging.plush74.com\/de\/wp-json\/wp\/v2\/pages\/17197\/revisions"}],"up":[{"embeddable":true,"href":"https:\/\/staging.plush74.com\/de\/wp-json\/wp\/v2\/pages\/16227"}],"wp:attachment":[{"href":"https:\/\/staging.plush74.com\/de\/wp-json\/wp\/v2\/media?parent=17197"}],"curies":[{"name":"wp","href":"https:\/\/api.w.org\/{rel}","templated":true}]}}