{"id":17028,"date":"2025-11-24T14:48:45","date_gmt":"2025-11-24T12:48:45","guid":{"rendered":"https:\/\/staging.plush74.com\/?page_id=17028"},"modified":"2025-11-24T15:33:23","modified_gmt":"2025-11-24T13:33:23","slug":"sign-up","status":"publish","type":"page","link":"https:\/\/staging.plush74.com\/de\/sign-up\/","title":{"rendered":"Sign Up"},"content":{"rendered":"<div data-elementor-type=\"wp-page\" data-elementor-id=\"17028\" class=\"elementor elementor-17028\" data-elementor-post-type=\"page\">\n\t\t\t\t<div class=\"elementor-element elementor-element-b1899f0 e-con-full e-flex e-con e-parent\" data-id=\"b1899f0\" data-element_type=\"container\">\n\t\t<div class=\"elementor-element elementor-element-5cd4969 e-con-full e-flex e-con e-child\" data-id=\"5cd4969\" data-element_type=\"container\">\n\t\t\r\n\t\t<div class=\"elementor-element elementor-element-664b0e6 elementor-widget elementor-widget-text-editor\" data-id=\"664b0e6\" data-element_type=\"widget\" data-widget_type=\"text-editor.default\">\n\t\t\t\t<div class=\"elementor-widget-container\">\n\t\t\t\t\t\t\t<h1 data-start=\"96\" data-end=\"111\"><strong data-start=\"112\" data-end=\"135\">STANDORTE FINDEN<\/strong><\/h1><p>\u00a0<\/p><p data-start=\"96\" data-end=\"111\"><strong style=\"font-size: 17px;\" data-start=\"112\" data-end=\"135\">Ihr Konto erstellen<br \/><br \/><\/strong>Melden Sie sich an, um auf die Plush74-Plattform zuzugreifen und unsere kuratierte Sammlung einzigartiger Orte f\u00fcr Veranstaltungen, Fotoshootings und Produktionen zu erkunden. Mit Ihrem Konto k\u00f6nnen Sie Lieblingsorte speichern, Ihre Listen organisieren und \u00fcber den integrierten Chat direkt mit den Eigent\u00fcmern in Kontakt treten. Ihr Dashboard sorgt daf\u00fcr, dass Sie Anfragen verwalten, Optionen vergleichen und Ihr Projekt ganz einfach planen k\u00f6nnen.<\/p>\t\t\t\t\t\t<\/div>\n\t\t\t\t<\/div>\n\t\t\t\t<div class=\"elementor-element elementor-element-18a7889 elementor-widget__width-auto elementor-invisible elementor-widget elementor-widget-button\" data-id=\"18a7889\" data-element_type=\"widget\" data-settings=\"{&quot;_animation&quot;:&quot;fadeIn&quot;}\" data-widget_type=\"button.default\">\n\t\t\t\t<div class=\"elementor-widget-container\">\n\t\t\t\t\t\t\t<div class=\"elementor-button-wrapper\">\n\t\t\t\t\t<a class=\"elementor-button elementor-button-link elementor-size-sm\" href=\"https:\/\/staging.plush74.com\/de\/register-login\/?account_type=user#sw_register\">\n\t\t\t\t\t\t<span class=\"elementor-button-content-wrapper\">\n\t\t\t\t\t\t\t\t\t<span class=\"elementor-button-text\">Kostenloses plush74-Konto erstellen<\/span>\n\t\t\t\t\t<\/span>\n\t\t\t\t\t<\/a>\n\t\t\t\t<\/div>\n\t\t\t\t\t\t<\/div>\n\t\t\t\t<\/div>\n\t\t\t\t<\/div>\n\t\t<div class=\"elementor-element elementor-element-49f98fe e-con-full e-flex e-con e-child\" data-id=\"49f98fe\" data-element_type=\"container\">\n\t\t\t\t<div class=\"elementor-element elementor-element-9036b7c elementor-widget elementor-widget-text-editor\" data-id=\"9036b7c\" data-element_type=\"widget\" data-widget_type=\"text-editor.default\">\n\t\t\t\t<div class=\"elementor-widget-container\">\n\t\t\t\t\t\t\t<h1 data-start=\"467\" data-end=\"492\"><strong data-start=\"469\" data-end=\"490\">LOCATION EINREICHEN<\/strong><\/h1><p>\u00a0<\/p><p data-start=\"441\" data-end=\"466\"><strong data-start=\"441\" data-end=\"466\">Beitritt zu Plush74 beantragen<br \/><br \/><\/strong>Plush74 ist ein kuratierter Marktplatz, auf dem nur gepr\u00fcfte und zugelassene Locations angeboten werden. Bewerben Sie sich, um Ihren Raum hinzuzuf\u00fcgen und unserem ausgew\u00e4hlten Netzwerk von Premium-Locations beizutreten. Sobald Sie akzeptiert wurden, erhalten Sie Zugang zu Ihrem Business-Dashboard, wo Sie Ihr Standortprofil erstellen und verwalten, wichtige Details aktualisieren und direkt mit Kunden \u00fcber den Plush74-Chatroom kommunizieren k\u00f6nnen.<\/p>\t\t\t\t\t\t<\/div>\n\t\t\t\t<\/div>\n\t\t\t\t<div class=\"elementor-element elementor-element-e8bdab6 elementor-widget__width-auto elementor-invisible elementor-widget elementor-widget-button\" data-id=\"e8bdab6\" data-element_type=\"widget\" data-settings=\"{&quot;_animation&quot;:&quot;fadeIn&quot;}\" data-widget_type=\"button.default\">\n\t\t\t\t<div class=\"elementor-widget-container\">\n\t\t\t\t\t\t\t<div class=\"elementor-button-wrapper\">\n\t\t\t\t\t<a class=\"elementor-button elementor-button-link elementor-size-sm\" href=\"https:\/\/staging.plush74.com\/de\/register-login\/?account_type=membership#sw_register\">\n\t\t\t\t\t\t<span class=\"elementor-button-content-wrapper\">\n\t\t\t\t\t\t\t\t\t<span class=\"elementor-button-text\">Ihren Standort hinzuf\u00fcgen<\/span>\n\t\t\t\t\t<\/span>\n\t\t\t\t\t<\/a>\n\t\t\t\t<\/div>\n\t\t\t\t\t\t<\/div>\n\t\t\t\t<\/div>\n\t\t\t\t<\/div>\n\t\t\t\t<\/div>\n\t\t<div class=\"elementor-element elementor-element-b3b5328 e-con-full e-flex e-con e-parent\" data-id=\"b3b5328\" data-element_type=\"container\">\n\t\t<div class=\"elementor-element elementor-element-fcbf6f7 e-con-full e-flex e-con e-child\" data-id=\"fcbf6f7\" data-element_type=\"container\">\n\t\t\t\t<div class=\"elementor-element elementor-element-ab1b1ab elementor-widget elementor-widget-image\" data-id=\"ab1b1ab\" data-element_type=\"widget\" data-widget_type=\"image.default\">\n\t\t\t\t<div class=\"elementor-widget-container\">\n\t\t\t\t\t\t\t\t\t\t\t\t\t<img fetchpriority=\"high\" decoding=\"async\" width=\"800\" height=\"548\" src=\"https:\/\/staging.plush74.com\/wp-content\/uploads\/2025\/05\/2010325_Anticamera_VillaSaracena_001-1-1024x701.jpg\" class=\"attachment-large size-large wp-image-15705\" alt=\"\" srcset=\"https:\/\/staging.plush74.com\/wp-content\/uploads\/2025\/05\/2010325_Anticamera_VillaSaracena_001-1-1024x701.jpg 1024w, https:\/\/staging.plush74.com\/wp-content\/uploads\/2025\/05\/2010325_Anticamera_VillaSaracena_001-1-300x205.jpg 300w, https:\/\/staging.plush74.com\/wp-content\/uploads\/2025\/05\/2010325_Anticamera_VillaSaracena_001-1-768x526.jpg 768w, https:\/\/staging.plush74.com\/wp-content\/uploads\/2025\/05\/2010325_Anticamera_VillaSaracena_001-1-1536x1052.jpg 1536w, https:\/\/staging.plush74.com\/wp-content\/uploads\/2025\/05\/2010325_Anticamera_VillaSaracena_001-1-2048x1403.jpg 2048w, https:\/\/staging.plush74.com\/wp-content\/uploads\/2025\/05\/2010325_Anticamera_VillaSaracena_001-1-18x12.jpg 18w\" sizes=\"(max-width: 800px) 100vw, 800px\" \/>\t\t\t\t\t\t\t\t\t\t\t\t\t<\/div>\n\t\t\t\t<\/div>\n\t\t\t\t<\/div>\n\t\t<div class=\"elementor-element elementor-element-54c9224 e-con-full e-flex e-con e-child\" data-id=\"54c9224\" data-element_type=\"container\">\n\t\t\t\t<div class=\"elementor-element elementor-element-0f9b9bc elementor-widget elementor-widget-image\" data-id=\"0f9b9bc\" data-element_type=\"widget\" data-widget_type=\"image.default\">\n\t\t\t\t<div class=\"elementor-widget-container\">\n\t\t\t\t\t\t\t\t\t\t\t\t\t<img decoding=\"async\" width=\"800\" height=\"600\" src=\"https:\/\/staging.plush74.com\/wp-content\/uploads\/2025\/07\/ilike-ibiza-locations-salt-mountain00042.jpeg\" class=\"attachment-large size-large wp-image-16722\" alt=\"\" srcset=\"https:\/\/staging.plush74.com\/wp-content\/uploads\/2025\/07\/ilike-ibiza-locations-salt-mountain00042.jpeg 850w, https:\/\/staging.plush74.com\/wp-content\/uploads\/2025\/07\/ilike-ibiza-locations-salt-mountain00042-300x225.jpeg 300w, https:\/\/staging.plush74.com\/wp-content\/uploads\/2025\/07\/ilike-ibiza-locations-salt-mountain00042-768x576.jpeg 768w, https:\/\/staging.plush74.com\/wp-content\/uploads\/2025\/07\/ilike-ibiza-locations-salt-mountain00042-16x12.jpeg 16w\" sizes=\"(max-width: 800px) 100vw, 800px\" \/>\t\t\t\t\t\t\t\t\t\t\t\t\t<\/div>\n\t\t\t\t<\/div>\n\t\t\t\t<\/div>\n\t\t<div class=\"elementor-element elementor-element-f4974e2 e-con-full e-flex e-con e-child\" data-id=\"f4974e2\" data-element_type=\"container\">\n\t\t\t\t<div class=\"elementor-element elementor-element-eba5a55 elementor-widget elementor-widget-image\" data-id=\"eba5a55\" data-element_type=\"widget\" data-widget_type=\"image.default\">\n\t\t\t\t<div class=\"elementor-widget-container\">\n\t\t\t\t\t\t\t\t\t\t\t\t\t<img decoding=\"async\" width=\"800\" height=\"544\" src=\"https:\/\/staging.plush74.com\/wp-content\/uploads\/2025\/07\/plush74-locaitons-photo-film-production-camper-california-usa-tennis-courts00018-1024x696.jpeg\" class=\"attachment-large size-large wp-image-16734\" alt=\"\" srcset=\"https:\/\/staging.plush74.com\/wp-content\/uploads\/2025\/07\/plush74-locaitons-photo-film-production-camper-california-usa-tennis-courts00018-1024x696.jpeg 1024w, https:\/\/staging.plush74.com\/wp-content\/uploads\/2025\/07\/plush74-locaitons-photo-film-production-camper-california-usa-tennis-courts00018-300x204.jpeg 300w, https:\/\/staging.plush74.com\/wp-content\/uploads\/2025\/07\/plush74-locaitons-photo-film-production-camper-california-usa-tennis-courts00018-768x522.jpeg 768w, https:\/\/staging.plush74.com\/wp-content\/uploads\/2025\/07\/plush74-locaitons-photo-film-production-camper-california-usa-tennis-courts00018-18x12.jpeg 18w, https:\/\/staging.plush74.com\/wp-content\/uploads\/2025\/07\/plush74-locaitons-photo-film-production-camper-california-usa-tennis-courts00018.jpeg 1280w\" sizes=\"(max-width: 800px) 100vw, 800px\" \/>\t\t\t\t\t\t\t\t\t\t\t\t\t<\/div>\n\t\t\t\t<\/div>\n\t\t\t\t<\/div>\n\t\t\t\t<\/div>\n\t\t\t\t<\/div>","protected":false},"excerpt":{"rendered":"<p>FINDEN SIE LOKATIONEN Erstellen Sie Ihr Konto Melden Sie sich an, um auf die Plush74-Plattform zuzugreifen und unsere kuratierte Sammlung einzigartiger Locations f\u00fcr Events, Fotoshootings und Produktionen zu erkunden. Mit Ihrem Konto k\u00f6nnen Sie Ihre Lieblingsorte speichern, Ihre Listen organisieren und \u00fcber den integrierten Chat direkt mit den Eigent\u00fcmern in Kontakt treten. Ihr Dashboard sorgt daf\u00fcr, dass alles \u00fcbersichtlich bleibt und Sie [...]<\/p>","protected":false},"author":1,"featured_media":0,"parent":0,"menu_order":0,"comment_status":"closed","ping_status":"closed","template":"elementor_header_footer","meta":{"_acf_changed":false,"footnotes":""},"class_list":["post-17028","page","type-page","status-publish","hentry"],"acf":[],"yoast_head":"<!-- This site is optimized with the Yoast SEO plugin v25.3 - https:\/\/yoast.com\/wordpress\/plugins\/seo\/ -->\n<title>Sign Up - Plush74<\/title>\n<meta name=\"robots\" content=\"index, follow, max-snippet:-1, max-image-preview:large, max-video-preview:-1\" \/>\n<link rel=\"canonical\" href=\"https:\/\/staging.plush74.com\/de\/sign-up\/\" \/>\n<meta property=\"og:locale\" content=\"de_DE\" \/>\n<meta property=\"og:type\" content=\"article\" \/>\n<meta property=\"og:title\" content=\"Sign Up - Plush74\" \/>\n<meta property=\"og:description\" content=\"FIND LOCATIONS \u00a0 Create Your Account Sign up to access the Plush74 platform and explore our curated collection of unique locations for events, photo shoots, and productions. With your account, you can save favourite locations, organise your lists, and connect directly with owners through built-in chat. Your dashboard keeps everything streamlined so you can manage [&hellip;]\" \/>\n<meta property=\"og:url\" content=\"https:\/\/staging.plush74.com\/de\/sign-up\/\" \/>\n<meta property=\"og:site_name\" content=\"Plush74\" \/>\n<meta property=\"article:modified_time\" content=\"2025-11-24T13:33:23+00:00\" \/>\n<meta property=\"og:image\" content=\"https:\/\/staging.plush74.com\/wp-content\/uploads\/2025\/05\/2010325_Anticamera_VillaSaracena_001-1-scaled.jpg\" \/>\n\t<meta property=\"og:image:width\" content=\"2560\" \/>\n\t<meta property=\"og:image:height\" content=\"1753\" \/>\n\t<meta property=\"og:image:type\" content=\"image\/jpeg\" \/>\n<meta name=\"twitter:card\" content=\"summary_large_image\" \/>\n<meta name=\"twitter:label1\" content=\"Gesch\u00e4tzte Lesezeit\" \/>\n\t<meta name=\"twitter:data1\" content=\"2\u00a0Minuten\" \/>\n<script type=\"application\/ld+json\" class=\"yoast-schema-graph\">{\"@context\":\"https:\/\/schema.org\",\"@graph\":[{\"@type\":\"WebPage\",\"@id\":\"https:\/\/staging.plush74.com\/sign-up\/\",\"url\":\"https:\/\/staging.plush74.com\/sign-up\/\",\"name\":\"Sign Up - Plush74\",\"isPartOf\":{\"@id\":\"https:\/\/staging.plush74.com\/#website\"},\"primaryImageOfPage\":{\"@id\":\"https:\/\/staging.plush74.com\/sign-up\/#primaryimage\"},\"image\":{\"@id\":\"https:\/\/staging.plush74.com\/sign-up\/#primaryimage\"},\"thumbnailUrl\":\"https:\/\/staging.plush74.com\/wp-content\/uploads\/2025\/05\/2010325_Anticamera_VillaSaracena_001-1-1024x701.jpg\",\"datePublished\":\"2025-11-24T12:48:45+00:00\",\"dateModified\":\"2025-11-24T13:33:23+00:00\",\"breadcrumb\":{\"@id\":\"https:\/\/staging.plush74.com\/sign-up\/#breadcrumb\"},\"inLanguage\":\"de\",\"potentialAction\":[{\"@type\":\"ReadAction\",\"target\":[\"https:\/\/staging.plush74.com\/sign-up\/\"]}]},{\"@type\":\"ImageObject\",\"inLanguage\":\"de\",\"@id\":\"https:\/\/staging.plush74.com\/sign-up\/#primaryimage\",\"url\":\"https:\/\/staging.plush74.com\/wp-content\/uploads\/2025\/05\/2010325_Anticamera_VillaSaracena_001-1-1024x701.jpg\",\"contentUrl\":\"https:\/\/staging.plush74.com\/wp-content\/uploads\/2025\/05\/2010325_Anticamera_VillaSaracena_001-1-1024x701.jpg\"},{\"@type\":\"BreadcrumbList\",\"@id\":\"https:\/\/staging.plush74.com\/sign-up\/#breadcrumb\",\"itemListElement\":[{\"@type\":\"ListItem\",\"position\":1,\"name\":\"Home\",\"item\":\"https:\/\/staging.plush74.com\/\"},{\"@type\":\"ListItem\",\"position\":2,\"name\":\"Sign Up\"}]},{\"@type\":\"WebSite\",\"@id\":\"https:\/\/staging.plush74.com\/#website\",\"url\":\"https:\/\/staging.plush74.com\/\",\"name\":\"Plush74\",\"description\":\"Locations with Character\",\"potentialAction\":[{\"@type\":\"SearchAction\",\"target\":{\"@type\":\"EntryPoint\",\"urlTemplate\":\"https:\/\/staging.plush74.com\/?s={search_term_string}\"},\"query-input\":{\"@type\":\"PropertyValueSpecification\",\"valueRequired\":true,\"valueName\":\"search_term_string\"}}],\"inLanguage\":\"de\"}]}<\/script>\n<!-- \/ Yoast SEO plugin. -->","yoast_head_json":{"title":"Sign Up - Plush74","robots":{"index":"index","follow":"follow","max-snippet":"max-snippet:-1","max-image-preview":"max-image-preview:large","max-video-preview":"max-video-preview:-1"},"canonical":"https:\/\/staging.plush74.com\/de\/sign-up\/","og_locale":"de_DE","og_type":"article","og_title":"Sign Up - Plush74","og_description":"FIND LOCATIONS \u00a0 Create Your Account Sign up to access the Plush74 platform and explore our curated collection of unique locations for events, photo shoots, and productions. With your account, you can save favourite locations, organise your lists, and connect directly with owners through built-in chat. Your dashboard keeps everything streamlined so you can manage [&hellip;]","og_url":"https:\/\/staging.plush74.com\/de\/sign-up\/","og_site_name":"Plush74","article_modified_time":"2025-11-24T13:33:23+00:00","og_image":[{"width":2560,"height":1753,"url":"https:\/\/staging.plush74.com\/wp-content\/uploads\/2025\/05\/2010325_Anticamera_VillaSaracena_001-1-scaled.jpg","type":"image\/jpeg"}],"twitter_card":"summary_large_image","twitter_misc":{"Gesch\u00e4tzte Lesezeit":"2\u00a0Minuten"},"schema":{"@context":"https:\/\/schema.org","@graph":[{"@type":"WebPage","@id":"https:\/\/staging.plush74.com\/sign-up\/","url":"https:\/\/staging.plush74.com\/sign-up\/","name":"Sign Up - Plush74","isPartOf":{"@id":"https:\/\/staging.plush74.com\/#website"},"primaryImageOfPage":{"@id":"https:\/\/staging.plush74.com\/sign-up\/#primaryimage"},"image":{"@id":"https:\/\/staging.plush74.com\/sign-up\/#primaryimage"},"thumbnailUrl":"https:\/\/staging.plush74.com\/wp-content\/uploads\/2025\/05\/2010325_Anticamera_VillaSaracena_001-1-1024x701.jpg","datePublished":"2025-11-24T12:48:45+00:00","dateModified":"2025-11-24T13:33:23+00:00","breadcrumb":{"@id":"https:\/\/staging.plush74.com\/sign-up\/#breadcrumb"},"inLanguage":"de","potentialAction":[{"@type":"ReadAction","target":["https:\/\/staging.plush74.com\/sign-up\/"]}]},{"@type":"ImageObject","inLanguage":"de","@id":"https:\/\/staging.plush74.com\/sign-up\/#primaryimage","url":"https:\/\/staging.plush74.com\/wp-content\/uploads\/2025\/05\/2010325_Anticamera_VillaSaracena_001-1-1024x701.jpg","contentUrl":"https:\/\/staging.plush74.com\/wp-content\/uploads\/2025\/05\/2010325_Anticamera_VillaSaracena_001-1-1024x701.jpg"},{"@type":"BreadcrumbList","@id":"https:\/\/staging.plush74.com\/sign-up\/#breadcrumb","itemListElement":[{"@type":"ListItem","position":1,"name":"Home","item":"https:\/\/staging.plush74.com\/"},{"@type":"ListItem","position":2,"name":"Sign Up"}]},{"@type":"WebSite","@id":"https:\/\/staging.plush74.com\/#website","url":"https:\/\/staging.plush74.com\/","name":"Plush74","description":"Locations with Character","potentialAction":[{"@type":"SearchAction","target":{"@type":"EntryPoint","urlTemplate":"https:\/\/staging.plush74.com\/?s={search_term_string}"},"query-input":{"@type":"PropertyValueSpecification","valueRequired":true,"valueName":"search_term_string"}}],"inLanguage":"de"}]}},"_links":{"self":[{"href":"https:\/\/staging.plush74.com\/de\/wp-json\/wp\/v2\/pages\/17028"}],"collection":[{"href":"https:\/\/staging.plush74.com\/de\/wp-json\/wp\/v2\/pages"}],"about":[{"href":"https:\/\/staging.plush74.com\/de\/wp-json\/wp\/v2\/types\/page"}],"author":[{"embeddable":true,"href":"https:\/\/staging.plush74.com\/de\/wp-json\/wp\/v2\/users\/1"}],"replies":[{"embeddable":true,"href":"https:\/\/staging.plush74.com\/de\/wp-json\/wp\/v2\/comments?post=17028"}],"version-history":[{"count":61,"href":"https:\/\/staging.plush74.com\/de\/wp-json\/wp\/v2\/pages\/17028\/revisions"}],"predecessor-version":[{"id":17093,"href":"https:\/\/staging.plush74.com\/de\/wp-json\/wp\/v2\/pages\/17028\/revisions\/17093"}],"wp:attachment":[{"href":"https:\/\/staging.plush74.com\/de\/wp-json\/wp\/v2\/media?parent=17028"}],"curies":[{"name":"wp","href":"https:\/\/api.w.org\/{rel}","templated":true}]}}