{"id":1448,"date":"2020-03-18T17:34:51","date_gmt":"2020-03-18T15:34:51","guid":{"rendered":"https:\/\/staging.plush74.com\/about-copy\/"},"modified":"2026-03-21T01:23:08","modified_gmt":"2026-03-20T23:23:08","slug":"imprint","status":"publish","type":"page","link":"https:\/\/staging.plush74.com\/de\/imprint\/","title":{"rendered":"Impressum"},"content":{"rendered":"<div data-elementor-type=\"wp-page\" data-elementor-id=\"1448\" class=\"elementor elementor-1448\" data-elementor-post-type=\"page\">\n\t\t\t\t\t\t<section class=\"elementor-section elementor-top-section elementor-element elementor-element-7402980 elementor-section-full_width elementor-section-stretched elementor-section-height-default elementor-section-height-default\" data-id=\"7402980\" data-element_type=\"section\" data-settings=\"{&quot;stretch_section&quot;:&quot;section-stretched&quot;}\">\n\t\t\t\t\t\t<div class=\"elementor-container elementor-column-gap-extended\">\n\t\t\t\t\t<div class=\"elementor-column elementor-col-50 elementor-top-column elementor-element elementor-element-d776ad6 swel_borderside_line\" data-id=\"d776ad6\" data-element_type=\"column\" data-settings=\"{&quot;background_background&quot;:&quot;classic&quot;}\">\n\t\t\t<div class=\"elementor-widget-wrap elementor-element-populated\">\n\t\t\t\t\r\n\t\t<div class=\"elementor-element elementor-element-f74757e elementor-widget elementor-widget-heading\" data-id=\"f74757e\" data-element_type=\"widget\" data-widget_type=\"heading.default\">\n\t\t\t\t<div class=\"elementor-widget-container\">\n\t\t\t<h2 class=\"elementor-heading-title elementor-size-default\">IMPRESSUM<\/h2>\t\t<\/div>\n\t\t\t\t<\/div>\n\t\t\t\t<div class=\"elementor-element elementor-element-741df13 elementor-widget elementor-widget-text-editor\" data-id=\"741df13\" data-element_type=\"widget\" data-widget_type=\"text-editor.default\">\n\t\t\t\t<div class=\"elementor-widget-container\">\n\t\t\t\t\t\t\t<p>PLUSH74 SWITZERLAND AG<\/p><p>Z\u00e4hringerplatz 11, CH-8001 Z\u00fcrich<\/p>\t\t\t\t\t\t<\/div>\n\t\t\t\t<\/div>\n\t\t\t\t<div class=\"elementor-element elementor-element-74fe63e elementor-widget elementor-widget-text-editor\" data-id=\"74fe63e\" data-element_type=\"widget\" data-widget_type=\"text-editor.default\">\n\t\t\t\t<div class=\"elementor-widget-container\">\n\t\t\t\t\t\t\t<p>YEAH@staging.plush74.com\u00a0<\/p>\t\t\t\t\t\t<\/div>\n\t\t\t\t<\/div>\n\t\t\t\t\t<\/div>\n\t\t<\/div>\n\t\t\t\t<div class=\"elementor-column elementor-col-50 elementor-top-column elementor-element elementor-element-6bc2499\" data-id=\"6bc2499\" data-element_type=\"column\">\n\t\t\t<div class=\"elementor-widget-wrap elementor-element-populated\">\n\t\t\t\t\t\t<div class=\"elementor-element elementor-element-2a2083d elementor-widget elementor-widget-text-editor\" data-id=\"2a2083d\" data-element_type=\"widget\" data-widget_type=\"text-editor.default\">\n\t\t\t\t<div class=\"elementor-widget-container\">\n\t\t\t\t\t\t\t<p>Angaben gem\u00e4\u00df \u00a7 5 TMG<\/p>\n<p>PLUSH74 SWITZERLAND AG<\/p>\n<p>Z\u00e4hringerplatz 11, CH-8001 Z\u00fcrich<\/p>\n<p><\/p>\n<p>Vertreten durch:<br>Robin Sebastian Hoefler<\/p>\n<p>Kontakt<br>E-Mail: yeah@staging.plush74.com<\/p>\n<p>Design von Proxi.me<\/p><p>SEO: <a href=\"https:\/\/wilkileads.com\">wilkileads.com<\/a><br>Verantwortlich f\u00fcr den Inhalt nach \u00a7 55 Abs. 2 RStV<br><\/p>\n<p>Plush74 Germany GmbH<br>Gneisenaustra\u00dfe 58, 10961 Berlin<\/p>\n<p>Amtsgericht: Charlottenburg<\/p>\n<p>Streitschlichtung<br>Die Europ\u00e4ische Kommission stellt eine Plattform zur Online-Streitbeilegung (OS) bereit: https:\/\/ec.europa.eu\/consumers\/odr.<br>Unsere E-Mail-Adresse finden Sie oben im Impressum.<\/p>\n<p>Wir sind nicht bereit oder verpflichtet, an Streitbeilegungsverfahren vor einer Verbraucherschlichtungsstelle teilzunehmen.<\/p>\n<p>Haftung f\u00fcr Inhalte<br>Als Diensteanbieter sind wir gem\u00e4\u00df \u00a7 7 Abs.1 TMG f\u00fcr eigene Inhalte auf diesen Seiten nach den allgemeinen Gesetzen verantwortlich. Nach \u00a7\u00a7 8 bis 10 TMG sind wir als Diensteanbieter jedoch nicht verpflichtet, \u00fcbermittelte oder gespeicherte fremde Informationen zu \u00fcberwachen oder nach Umst\u00e4nden zu forschen, die auf eine rechtswidrige T\u00e4tigkeit hinweisen.<\/p>\n<p>Verpflichtungen zur Entfernung oder Sperrung der Nutzung von Informationen nach den allgemeinen Gesetzen bleiben hiervon unber\u00fchrt. Eine diesbez\u00fcgliche Haftung ist jedoch erst ab dem Zeitpunkt der Kenntnis einer konkreten Rechtsverletzung m\u00f6glich. Bei Bekanntwerden von entsprechenden Rechtsverletzungen werden wir diese Inhalte umgehend entfernen.<\/p>\n<p>Haftung f\u00fcr Links<br>Unser Angebot enth\u00e4lt Links zu externen Websites Dritter, auf deren Inhalte wir keinen Einfluss haben. Deshalb k\u00f6nnen wir f\u00fcr diese fremden Inhalte auch keine Gew\u00e4hr \u00fcbernehmen. F\u00fcr die Inhalte der verlinkten Seiten ist stets der jeweilige Anbieter oder Betreiber der Seiten verantwortlich. Die verlinkten Seiten wurden zum Zeitpunkt der Verlinkung auf m\u00f6gliche Rechtsverst\u00f6\u00dfe \u00fcberpr\u00fcft. Rechtswidrige Inhalte waren zum Zeitpunkt der Verlinkung nicht erkennbar.<\/p>\n<p>Eine permanente inhaltliche Kontrolle der verlinkten Seiten ist jedoch ohne konkrete Anhaltspunkte einer Rechtsverletzung nicht zumutbar. Bei Bekanntwerden von Rechtsverletzungen werden wir derartige Links umgehend entfernen.<\/p>\n<p>Urheberrecht<br>Die durch die Seitenbetreiber erstellten Inhalte und Werke auf diesen Seiten unterliegen dem deutschen Urheberrecht. Die Vervielf\u00e4ltigung, Bearbeitung, Verbreitung und jede Art der Verwertung au\u00dferhalb der Grenzen des Urheberrechtes bed\u00fcrfen der schriftlichen Zustimmung des jeweiligen Autors bzw. Erstellers. Downloads und Kopien dieser Seite sind nur f\u00fcr den privaten, nicht kommerziellen Gebrauch gestattet.<\/p>\n<p>Soweit die Inhalte auf dieser Seite nicht vom Betreiber erstellt wurden, werden die Urheberrechte Dritter beachtet. Insbesondere werden Inhalte Dritter als solche gekennzeichnet. Sollten Sie trotzdem auf eine Urheberrechtsverletzung aufmerksam werden, bitten wir um einen entsprechenden Hinweis. Bei Bekanntwerden von Rechtsverletzungen werden wir derartige Inhalte umgehend entfernen.<\/p>\t\t\t\t\t\t<\/div>\n\t\t\t\t<\/div>\n\t\t\t\t\t<\/div>\n\t\t<\/div>\n\t\t\t\t\t<\/div>\n\t\t<\/section>\n\t\t\t\t<\/div>","protected":false},"excerpt":{"rendered":"<p>IMPRINT PLUSH74 SWITZERLAND AG Z\u00e4hringerplatz 11, CH-8001 Zurich YEAH@staging.plush74.com\u00a0 Angaben gem\u00e4\u00df \u00a7 5 TMG PLUSH74 SWITZERLAND AG Z\u00e4hringerplatz 11, CH-8001 Zurich Vertreten durch:Robin Sebastian Hoefler KontaktE-Mail: yeah@staging.plush74.com Design by Proxi.me SEO: wilkileads.comVerantwortlich f\u00fcr den Inhalt nach \u00a7 55 Abs. 2 RStV Plush74 Germany GmbHGneisenaustra\u00dfe 58, 10961 Berlin Amtsgericht: Charlottenburg StreitschlichtungDie Europ\u00e4ische Kommission stellt eine Plattform [&hellip;]<\/p>","protected":false},"author":1,"featured_media":0,"parent":0,"menu_order":0,"comment_status":"closed","ping_status":"closed","template":"templates\/template-canvas-elementor.php","meta":{"_acf_changed":false,"footnotes":""},"class_list":["post-1448","page","type-page","status-publish","hentry"],"acf":[],"yoast_head":"<!-- This site is optimized with the Yoast SEO plugin v25.3 - https:\/\/yoast.com\/wordpress\/plugins\/seo\/ -->\n<title>Imprint - Plush74<\/title>\n<meta name=\"robots\" content=\"index, follow, max-snippet:-1, max-image-preview:large, max-video-preview:-1\" \/>\n<link rel=\"canonical\" href=\"https:\/\/staging.plush74.com\/de\/imprint\/\" \/>\n<meta property=\"og:locale\" content=\"de_DE\" \/>\n<meta property=\"og:type\" content=\"article\" \/>\n<meta property=\"og:title\" content=\"Imprint - Plush74\" \/>\n<meta property=\"og:description\" content=\"IMPRINT PLUSH74 SWITZERLAND AG Z\u00e4hringerplatz 11, CH-8001 Zurich YEAH@staging.plush74.com\u00a0 Angaben gem\u00e4\u00df \u00a7 5 TMG PLUSH74 SWITZERLAND AG Z\u00e4hringerplatz 11, CH-8001 Zurich Vertreten durch:Robin Sebastian Hoefler KontaktE-Mail: yeah@staging.plush74.com Design by Proxi.me SEO: wilkileads.comVerantwortlich f\u00fcr den Inhalt nach \u00a7 55 Abs. 2 RStV Plush74 Germany GmbHGneisenaustra\u00dfe 58, 10961 Berlin Amtsgericht: Charlottenburg StreitschlichtungDie Europ\u00e4ische Kommission stellt eine Plattform [&hellip;]\" \/>\n<meta property=\"og:url\" content=\"https:\/\/staging.plush74.com\/de\/imprint\/\" \/>\n<meta property=\"og:site_name\" content=\"Plush74\" \/>\n<meta property=\"article:modified_time\" content=\"2026-03-20T23:23:08+00:00\" \/>\n<meta name=\"twitter:card\" content=\"summary_large_image\" \/>\n<meta name=\"twitter:label1\" content=\"Gesch\u00e4tzte Lesezeit\" \/>\n\t<meta name=\"twitter:data1\" content=\"2\u00a0Minuten\" \/>\n<script type=\"application\/ld+json\" class=\"yoast-schema-graph\">{\"@context\":\"https:\/\/schema.org\",\"@graph\":[{\"@type\":\"WebPage\",\"@id\":\"https:\/\/staging.plush74.com\/imprint\/\",\"url\":\"https:\/\/staging.plush74.com\/imprint\/\",\"name\":\"Imprint - Plush74\",\"isPartOf\":{\"@id\":\"https:\/\/staging.plush74.com\/#website\"},\"datePublished\":\"2020-03-18T15:34:51+00:00\",\"dateModified\":\"2026-03-20T23:23:08+00:00\",\"breadcrumb\":{\"@id\":\"https:\/\/staging.plush74.com\/imprint\/#breadcrumb\"},\"inLanguage\":\"de\",\"potentialAction\":[{\"@type\":\"ReadAction\",\"target\":[\"https:\/\/staging.plush74.com\/imprint\/\"]}]},{\"@type\":\"BreadcrumbList\",\"@id\":\"https:\/\/staging.plush74.com\/imprint\/#breadcrumb\",\"itemListElement\":[{\"@type\":\"ListItem\",\"position\":1,\"name\":\"Home\",\"item\":\"https:\/\/staging.plush74.com\/\"},{\"@type\":\"ListItem\",\"position\":2,\"name\":\"Imprint\"}]},{\"@type\":\"WebSite\",\"@id\":\"https:\/\/staging.plush74.com\/#website\",\"url\":\"https:\/\/staging.plush74.com\/\",\"name\":\"Plush74\",\"description\":\"Locations with Character\",\"potentialAction\":[{\"@type\":\"SearchAction\",\"target\":{\"@type\":\"EntryPoint\",\"urlTemplate\":\"https:\/\/staging.plush74.com\/?s={search_term_string}\"},\"query-input\":{\"@type\":\"PropertyValueSpecification\",\"valueRequired\":true,\"valueName\":\"search_term_string\"}}],\"inLanguage\":\"de\"}]}<\/script>\n<!-- \/ Yoast SEO plugin. -->","yoast_head_json":{"title":"Imprint - Plush74","robots":{"index":"index","follow":"follow","max-snippet":"max-snippet:-1","max-image-preview":"max-image-preview:large","max-video-preview":"max-video-preview:-1"},"canonical":"https:\/\/staging.plush74.com\/de\/imprint\/","og_locale":"de_DE","og_type":"article","og_title":"Imprint - Plush74","og_description":"IMPRINT PLUSH74 SWITZERLAND AG Z\u00e4hringerplatz 11, CH-8001 Zurich YEAH@staging.plush74.com\u00a0 Angaben gem\u00e4\u00df \u00a7 5 TMG PLUSH74 SWITZERLAND AG Z\u00e4hringerplatz 11, CH-8001 Zurich Vertreten durch:Robin Sebastian Hoefler KontaktE-Mail: yeah@staging.plush74.com Design by Proxi.me SEO: wilkileads.comVerantwortlich f\u00fcr den Inhalt nach \u00a7 55 Abs. 2 RStV Plush74 Germany GmbHGneisenaustra\u00dfe 58, 10961 Berlin Amtsgericht: Charlottenburg StreitschlichtungDie Europ\u00e4ische Kommission stellt eine Plattform [&hellip;]","og_url":"https:\/\/staging.plush74.com\/de\/imprint\/","og_site_name":"Plush74","article_modified_time":"2026-03-20T23:23:08+00:00","twitter_card":"summary_large_image","twitter_misc":{"Gesch\u00e4tzte Lesezeit":"2\u00a0Minuten"},"schema":{"@context":"https:\/\/schema.org","@graph":[{"@type":"WebPage","@id":"https:\/\/staging.plush74.com\/imprint\/","url":"https:\/\/staging.plush74.com\/imprint\/","name":"Imprint - Plush74","isPartOf":{"@id":"https:\/\/staging.plush74.com\/#website"},"datePublished":"2020-03-18T15:34:51+00:00","dateModified":"2026-03-20T23:23:08+00:00","breadcrumb":{"@id":"https:\/\/staging.plush74.com\/imprint\/#breadcrumb"},"inLanguage":"de","potentialAction":[{"@type":"ReadAction","target":["https:\/\/staging.plush74.com\/imprint\/"]}]},{"@type":"BreadcrumbList","@id":"https:\/\/staging.plush74.com\/imprint\/#breadcrumb","itemListElement":[{"@type":"ListItem","position":1,"name":"Home","item":"https:\/\/staging.plush74.com\/"},{"@type":"ListItem","position":2,"name":"Imprint"}]},{"@type":"WebSite","@id":"https:\/\/staging.plush74.com\/#website","url":"https:\/\/staging.plush74.com\/","name":"Plush74","description":"Locations with Character","potentialAction":[{"@type":"SearchAction","target":{"@type":"EntryPoint","urlTemplate":"https:\/\/staging.plush74.com\/?s={search_term_string}"},"query-input":{"@type":"PropertyValueSpecification","valueRequired":true,"valueName":"search_term_string"}}],"inLanguage":"de"}]}},"_links":{"self":[{"href":"https:\/\/staging.plush74.com\/de\/wp-json\/wp\/v2\/pages\/1448"}],"collection":[{"href":"https:\/\/staging.plush74.com\/de\/wp-json\/wp\/v2\/pages"}],"about":[{"href":"https:\/\/staging.plush74.com\/de\/wp-json\/wp\/v2\/types\/page"}],"author":[{"embeddable":true,"href":"https:\/\/staging.plush74.com\/de\/wp-json\/wp\/v2\/users\/1"}],"replies":[{"embeddable":true,"href":"https:\/\/staging.plush74.com\/de\/wp-json\/wp\/v2\/comments?post=1448"}],"version-history":[{"count":72,"href":"https:\/\/staging.plush74.com\/de\/wp-json\/wp\/v2\/pages\/1448\/revisions"}],"predecessor-version":[{"id":17863,"href":"https:\/\/staging.plush74.com\/de\/wp-json\/wp\/v2\/pages\/1448\/revisions\/17863"}],"wp:attachment":[{"href":"https:\/\/staging.plush74.com\/de\/wp-json\/wp\/v2\/media?parent=1448"}],"curies":[{"name":"wp","href":"https:\/\/api.w.org\/{rel}","templated":true}]}}