{"id":1326,"date":"2020-03-06T14:21:31","date_gmt":"2020-03-06T12:21:31","guid":{"rendered":"https:\/\/staging.plush74.com\/?page_id=1326"},"modified":"2026-01-17T02:50:42","modified_gmt":"2026-01-17T00:50:42","slug":"why","status":"publish","type":"page","link":"https:\/\/staging.plush74.com\/de\/why\/","title":{"rendered":"Warum"},"content":{"rendered":"<div data-elementor-type=\"wp-page\" data-elementor-id=\"1326\" class=\"elementor elementor-1326\" data-elementor-post-type=\"page\">\n\t\t\t\t<div class=\"elementor-element elementor-element-06f62b9 e-con-full e-flex e-con e-parent\" data-id=\"06f62b9\" data-element_type=\"container\">\n\t\t<div class=\"elementor-element elementor-element-2680a41 e-con-full e-flex e-con e-child\" data-id=\"2680a41\" data-element_type=\"container\">\n\t\t\r\n\t\t<div class=\"elementor-element elementor-element-de57565 elementor-widget__width-initial elementor-widget elementor-widget-text-editor\" data-id=\"de57565\" data-element_type=\"widget\" data-widget_type=\"text-editor.default\">\n\t\t\t\t<div class=\"elementor-widget-container\">\n\t\t\t\t\t\t\t<p>Warum Pl\u00fcsch...?<\/p>\n<p>*<\/p>\n<p>Wir glauben, dass Orte Menschen bef\u00e4higen und bef\u00e4higen.<\/p>\n<p><br><\/p>\n<p>Sie sind mehr als nur Orte, an denen sich das Leben abspielt - Orte sind Bezugsrahmen f\u00fcr die Kultur, Kontextbeh\u00e4lter f\u00fcr die Wahrnehmung, reale B\u00fchnen, auf denen sich Geschichten entfalten und Gestalt annehmen k\u00f6nnen.<\/p>\n<p><br><\/p>\n<p>Wir glauben auch, dass Sch\u00f6nheit im Auge des Betrachters liegt und meist mit der Zeit verblasst. Was uns wichtig ist, ist der Charakter, der bestehen bleibt, sich anpasst, entwickelt und erneuert.<\/p>\n<p><br><\/p>\n<p>Beim Aufbau unseres Portfolios versuchen wir, diese \u00dcberzeugungen zum Ausdruck zu bringen. Wir suchen das Sch\u00f6ne ebenso wie das Skurrile, das Aufwendige, aber auch das Minimale, das Exklusive ebenso wie das Bescheidene.<\/p>\n<p><br><\/p>\n<p>F\u00fcr uns ist Pl\u00fcsch alles, was es gibt. Pl\u00fcsch ist wahrer Luxus, aber auch einfache Eleganz. Pl\u00fcsch ist sowohl ein Privileg als auch ein Bed\u00fcrfnis. Pl\u00fcsch ist ein abgegrenzter Raum, der kreativ gestaltet und ber\u00fchrt wird, was wiederum die Kreativit\u00e4t auf immer neue Weise inspiriert und f\u00f6rdert.<\/p>\n<p><br><\/p>\n<p>Pl\u00fcsch ist Charakter, gepr\u00e4gt von Seele.<\/p>\n<p><br><\/p>\n<p>Unsere Standorte und unsere Mitglieder bilden sowohl eine Sammlung als auch eine Gemeinschaft und dienen als kulturelle Netzwerkknotenpunkte unserer Zeit. Eine internationale Schaltzentrale, in der Kreativit\u00e4t auf Immobilien trifft und in der 2+2 nicht immer vier, sondern sieben, elf oder sogar 74 ergibt.<\/p>\n<p><br><\/p>\n<p>Pl\u00fcschige Liebe,<\/p>\n<p><span style=\"color: rgba(0,0,0,var(--o42jjq,1)); caret-color: #000000; --ys-xuq: none; font-kerning: none;\">&nbsp;<\/span><\/p>\n<p><span style=\"color: rgba(0,0,0,var(--o42jjq,1)); caret-color: #000000; --ys-xuq: none; font-kerning: none;\">Robin<\/span><\/p>\n<p><i>Gr\u00fcnder &amp; CEO<\/i><\/p>\t\t\t\t\t\t<\/div>\n\t\t\t\t<\/div>\n\t\t\t\t<\/div>\n\t\t<div class=\"elementor-element elementor-element-9dfd27f e-con-full e-flex e-con e-child\" data-id=\"9dfd27f\" data-element_type=\"container\">\n\t\t\t\t<div class=\"elementor-element elementor-element-120144a elementor-widget elementor-widget-image\" data-id=\"120144a\" data-element_type=\"widget\" data-widget_type=\"image.default\">\n\t\t\t\t<div class=\"elementor-widget-container\">\n\t\t\t\t\t\t\t\t\t\t\t\t\t<img fetchpriority=\"high\" decoding=\"async\" width=\"768\" height=\"1024\" src=\"https:\/\/staging.plush74.com\/wp-content\/uploads\/2026\/01\/Hay-barn-768x1024.jpg\" class=\"attachment-large size-large wp-image-17345\" alt=\"\" srcset=\"https:\/\/staging.plush74.com\/wp-content\/uploads\/2026\/01\/Hay-barn-768x1024.jpg 768w, https:\/\/staging.plush74.com\/wp-content\/uploads\/2026\/01\/Hay-barn-225x300.jpg 225w, https:\/\/staging.plush74.com\/wp-content\/uploads\/2026\/01\/Hay-barn-1152x1536.jpg 1152w, https:\/\/staging.plush74.com\/wp-content\/uploads\/2026\/01\/Hay-barn-9x12.jpg 9w, https:\/\/staging.plush74.com\/wp-content\/uploads\/2026\/01\/Hay-barn.jpg 1200w\" sizes=\"(max-width: 768px) 100vw, 768px\" \/>\t\t\t\t\t\t\t\t\t\t\t\t\t<\/div>\n\t\t\t\t<\/div>\n\t\t\t\t<\/div>\n\t\t\t\t<\/div>\n\t\t\t\t<\/div>","protected":false},"excerpt":{"rendered":"<p>Warum Pl\u00fcsch...? * Wir glauben, dass Orte Menschen bef\u00e4higen und bef\u00e4higen. Sie sind mehr als nur Orte, an denen sich das Leben abspielt - Orte sind Bezugsrahmen f\u00fcr die Kultur, Kontextbeh\u00e4lter f\u00fcr die Wahrnehmung, reale B\u00fchnen, auf denen sich Geschichten entfalten und Gestalt annehmen k\u00f6nnen. Wir glauben auch, dass Sch\u00f6nheit im Auge des Betrachters liegt - [...]<\/p>","protected":false},"author":1,"featured_media":0,"parent":0,"menu_order":0,"comment_status":"closed","ping_status":"closed","template":"templates\/template-canvas-elementor.php","meta":{"_acf_changed":false,"footnotes":""},"class_list":["post-1326","page","type-page","status-publish","hentry"],"acf":[],"yoast_head":"<!-- This site is optimized with the Yoast SEO plugin v25.3 - https:\/\/yoast.com\/wordpress\/plugins\/seo\/ -->\n<title>Why - Plush74<\/title>\n<meta name=\"description\" content=\"Why Plush...?\" \/>\n<meta name=\"robots\" content=\"index, follow, max-snippet:-1, max-image-preview:large, max-video-preview:-1\" \/>\n<link rel=\"canonical\" href=\"https:\/\/staging.plush74.com\/de\/why\/\" \/>\n<meta property=\"og:locale\" content=\"de_DE\" \/>\n<meta property=\"og:type\" content=\"article\" \/>\n<meta property=\"og:title\" content=\"Why - Plush74\" \/>\n<meta property=\"og:description\" content=\"Why Plush...?\" \/>\n<meta property=\"og:url\" content=\"https:\/\/staging.plush74.com\/de\/why\/\" \/>\n<meta property=\"og:site_name\" content=\"Plush74\" \/>\n<meta property=\"article:modified_time\" content=\"2026-01-17T00:50:42+00:00\" \/>\n<meta property=\"og:image\" content=\"https:\/\/staging.plush74.com\/wp-content\/uploads\/2026\/01\/Hay-barn.jpg\" \/>\n\t<meta property=\"og:image:width\" content=\"1200\" \/>\n\t<meta property=\"og:image:height\" content=\"1600\" \/>\n\t<meta property=\"og:image:type\" content=\"image\/jpeg\" \/>\n<meta name=\"twitter:card\" content=\"summary_large_image\" \/>\n<meta name=\"twitter:label1\" content=\"Gesch\u00e4tzte Lesezeit\" \/>\n\t<meta name=\"twitter:data1\" content=\"2\u00a0Minuten\" \/>\n<script type=\"application\/ld+json\" class=\"yoast-schema-graph\">{\"@context\":\"https:\/\/schema.org\",\"@graph\":[{\"@type\":\"WebPage\",\"@id\":\"https:\/\/staging.plush74.com\/why\/\",\"url\":\"https:\/\/staging.plush74.com\/why\/\",\"name\":\"Why - Plush74\",\"isPartOf\":{\"@id\":\"https:\/\/staging.plush74.com\/#website\"},\"primaryImageOfPage\":{\"@id\":\"https:\/\/staging.plush74.com\/why\/#primaryimage\"},\"image\":{\"@id\":\"https:\/\/staging.plush74.com\/why\/#primaryimage\"},\"thumbnailUrl\":\"https:\/\/staging.plush74.com\/wp-content\/uploads\/2026\/01\/Hay-barn-768x1024.jpg\",\"datePublished\":\"2020-03-06T12:21:31+00:00\",\"dateModified\":\"2026-01-17T00:50:42+00:00\",\"description\":\"Why Plush...?\",\"breadcrumb\":{\"@id\":\"https:\/\/staging.plush74.com\/why\/#breadcrumb\"},\"inLanguage\":\"de\",\"potentialAction\":[{\"@type\":\"ReadAction\",\"target\":[\"https:\/\/staging.plush74.com\/why\/\"]}]},{\"@type\":\"ImageObject\",\"inLanguage\":\"de\",\"@id\":\"https:\/\/staging.plush74.com\/why\/#primaryimage\",\"url\":\"https:\/\/staging.plush74.com\/wp-content\/uploads\/2026\/01\/Hay-barn-768x1024.jpg\",\"contentUrl\":\"https:\/\/staging.plush74.com\/wp-content\/uploads\/2026\/01\/Hay-barn-768x1024.jpg\"},{\"@type\":\"BreadcrumbList\",\"@id\":\"https:\/\/staging.plush74.com\/why\/#breadcrumb\",\"itemListElement\":[{\"@type\":\"ListItem\",\"position\":1,\"name\":\"Home\",\"item\":\"https:\/\/staging.plush74.com\/\"},{\"@type\":\"ListItem\",\"position\":2,\"name\":\"Why\"}]},{\"@type\":\"WebSite\",\"@id\":\"https:\/\/staging.plush74.com\/#website\",\"url\":\"https:\/\/staging.plush74.com\/\",\"name\":\"Plush74\",\"description\":\"Locations with Character\",\"potentialAction\":[{\"@type\":\"SearchAction\",\"target\":{\"@type\":\"EntryPoint\",\"urlTemplate\":\"https:\/\/staging.plush74.com\/?s={search_term_string}\"},\"query-input\":{\"@type\":\"PropertyValueSpecification\",\"valueRequired\":true,\"valueName\":\"search_term_string\"}}],\"inLanguage\":\"de\"}]}<\/script>\n<!-- \/ Yoast SEO plugin. -->","yoast_head_json":{"title":"Why - Plush74","description":"Why Plush...?","robots":{"index":"index","follow":"follow","max-snippet":"max-snippet:-1","max-image-preview":"max-image-preview:large","max-video-preview":"max-video-preview:-1"},"canonical":"https:\/\/staging.plush74.com\/de\/why\/","og_locale":"de_DE","og_type":"article","og_title":"Why - Plush74","og_description":"Why Plush...?","og_url":"https:\/\/staging.plush74.com\/de\/why\/","og_site_name":"Plush74","article_modified_time":"2026-01-17T00:50:42+00:00","og_image":[{"width":1200,"height":1600,"url":"https:\/\/staging.plush74.com\/wp-content\/uploads\/2026\/01\/Hay-barn.jpg","type":"image\/jpeg"}],"twitter_card":"summary_large_image","twitter_misc":{"Gesch\u00e4tzte Lesezeit":"2\u00a0Minuten"},"schema":{"@context":"https:\/\/schema.org","@graph":[{"@type":"WebPage","@id":"https:\/\/staging.plush74.com\/why\/","url":"https:\/\/staging.plush74.com\/why\/","name":"Why - Plush74","isPartOf":{"@id":"https:\/\/staging.plush74.com\/#website"},"primaryImageOfPage":{"@id":"https:\/\/staging.plush74.com\/why\/#primaryimage"},"image":{"@id":"https:\/\/staging.plush74.com\/why\/#primaryimage"},"thumbnailUrl":"https:\/\/staging.plush74.com\/wp-content\/uploads\/2026\/01\/Hay-barn-768x1024.jpg","datePublished":"2020-03-06T12:21:31+00:00","dateModified":"2026-01-17T00:50:42+00:00","description":"Why Plush...?","breadcrumb":{"@id":"https:\/\/staging.plush74.com\/why\/#breadcrumb"},"inLanguage":"de","potentialAction":[{"@type":"ReadAction","target":["https:\/\/staging.plush74.com\/why\/"]}]},{"@type":"ImageObject","inLanguage":"de","@id":"https:\/\/staging.plush74.com\/why\/#primaryimage","url":"https:\/\/staging.plush74.com\/wp-content\/uploads\/2026\/01\/Hay-barn-768x1024.jpg","contentUrl":"https:\/\/staging.plush74.com\/wp-content\/uploads\/2026\/01\/Hay-barn-768x1024.jpg"},{"@type":"BreadcrumbList","@id":"https:\/\/staging.plush74.com\/why\/#breadcrumb","itemListElement":[{"@type":"ListItem","position":1,"name":"Home","item":"https:\/\/staging.plush74.com\/"},{"@type":"ListItem","position":2,"name":"Why"}]},{"@type":"WebSite","@id":"https:\/\/staging.plush74.com\/#website","url":"https:\/\/staging.plush74.com\/","name":"Plush74","description":"Locations with Character","potentialAction":[{"@type":"SearchAction","target":{"@type":"EntryPoint","urlTemplate":"https:\/\/staging.plush74.com\/?s={search_term_string}"},"query-input":{"@type":"PropertyValueSpecification","valueRequired":true,"valueName":"search_term_string"}}],"inLanguage":"de"}]}},"_links":{"self":[{"href":"https:\/\/staging.plush74.com\/de\/wp-json\/wp\/v2\/pages\/1326"}],"collection":[{"href":"https:\/\/staging.plush74.com\/de\/wp-json\/wp\/v2\/pages"}],"about":[{"href":"https:\/\/staging.plush74.com\/de\/wp-json\/wp\/v2\/types\/page"}],"author":[{"embeddable":true,"href":"https:\/\/staging.plush74.com\/de\/wp-json\/wp\/v2\/users\/1"}],"replies":[{"embeddable":true,"href":"https:\/\/staging.plush74.com\/de\/wp-json\/wp\/v2\/comments?post=1326"}],"version-history":[{"count":109,"href":"https:\/\/staging.plush74.com\/de\/wp-json\/wp\/v2\/pages\/1326\/revisions"}],"predecessor-version":[{"id":17433,"href":"https:\/\/staging.plush74.com\/de\/wp-json\/wp\/v2\/pages\/1326\/revisions\/17433"}],"wp:attachment":[{"href":"https:\/\/staging.plush74.com\/de\/wp-json\/wp\/v2\/media?parent=1326"}],"curies":[{"name":"wp","href":"https:\/\/api.w.org\/{rel}","templated":true}]}}